{"id":20,"date":"2019-08-22T16:34:46","date_gmt":"2019-08-22T16:34:46","guid":{"rendered":"https:\/\/reseaudesecurite.com\/?post_type=product&#038;p=20"},"modified":"2019-08-23T16:36:06","modified_gmt":"2019-08-23T16:36:06","slug":"pirate-facebook","status":"publish","type":"product","link":"https:\/\/reseaudesecurite.com\/en\/product\/pirate-facebook\/","title":{"rendered":"Facebook Hack"},"content":{"rendered":"<p>Facebook hacker, Facebook account hacker, hack a Facebook account, free Facebook hacking site, hack a Facebook account <a href=\"https:\/\/recruter-un-hacker.com\/product\/pirater-le-compte-facebook-de-qui-vous-voulez\/\" target=\"_blank\" rel=\"noopener noreferrer\">free Facebook hacking<\/a><\/p>\n<p>All we need is the URL of the account to be hacked to fulfill your request; to obtain it, we just need the exact profile name to be hacked.<\/p>\n<p>Next, we use our latest generation spyware to gain full access to the victim's account; the information allowing you to access this account will be provided to you through a referral system. HOW DOES IT WORK? Well, the mechanism is relatively simple: we reconfigure the victim's Facebook account by creating a list of referrers, including yourself, as well as several other fake profiles that we will create so that the victim will never realize that you commissioned this attack.<\/p>\n<p>This way, even if the victim were to change their login information (email\/phone number and password), you will be notified immediately because you are on the list of sponsors; you will have indefinite access to this account from anywhere and the freedom to do whatever you want with it. Facebook hacker<\/p>\n<p>CONTACT US NOW TO TAKE ADVANTAGE OF OUR ULTRA-FAST SERVICES!<\/p>\n<p><a href=\"https:\/\/reseaudesecurite.com\/en\/contact-us\/\">Contact Us<\/a><\/p>","protected":false},"excerpt":{"rendered":"<p>All we need is the URL of the account to be hacked to fulfill your request; to obtain it, we just need the exact profile name to be hacked.<\/p>\n<p>Next, we use our latest generation spyware to gain full access to the victim's account; the information allowing you to access this account will be provided to you through a referral system. HOW DOES IT WORK? Well, the mechanism is relatively simple: we reconfigure the victim's Facebook account by creating a list of referrers, including yourself, as well as several other fake profiles that we will create so that the victim will never realize that you commissioned this attack.<\/p>\n<p> <a class=\"more-link\" href=\"https:\/\/reseaudesecurite.com\/en\/product\/pirate-facebook\/\">Read more<\/a><\/p>","protected":false},"featured_media":21,"comment_status":"open","ping_status":"closed","template":"","meta":{"_joinchat":[]},"product_brand":[],"product_cat":[16],"product_tag":[30,31,34,29,33,32],"class_list":{"0":"post-20","1":"product","2":"type-product","3":"status-publish","4":"has-post-thumbnail","6":"product_cat-nos-services","7":"product_tag-hacker-compte-facebook","8":"product_tag-hacker-un-compte-facebook","9":"product_tag-piratage-facebook-gratuit","10":"product_tag-pirate-facebook","11":"product_tag-pirater-un-compte-fb","12":"product_tag-site-pour-pirater-facebook-gratuit","14":"first","15":"instock","16":"taxable","17":"shipping-taxable","18":"product-type-simple"},"yoast_head":"<!-- This site is optimized with the Yoast SEO plugin v27.2 - https:\/\/yoast.com\/product\/yoast-seo-wordpress\/ -->\n<title>pirate facebook, hacker compte facebook, hacker un compte facebook<\/title>\n<meta name=\"description\" content=\"pirate facebook, hacker compte facebook, hacker un compte facebook, site pour pirater facebook gratuit, pirater un compte fb, piratage facebook gratuit\" \/>\n<meta name=\"robots\" content=\"index, follow, max-snippet:-1, max-image-preview:large, max-video-preview:-1\" \/>\n<link rel=\"canonical\" href=\"https:\/\/reseaudesecurite.com\/en\/product\/pirate-facebook\/\" \/>\n<meta property=\"og:locale\" content=\"en_US\" \/>\n<meta property=\"og:type\" content=\"article\" \/>\n<meta property=\"og:title\" content=\"pirate facebook, hacker compte facebook, hacker un compte facebook\" \/>\n<meta property=\"og:description\" content=\"pirate facebook, hacker compte facebook, hacker un compte facebook, site pour pirater facebook gratuit, pirater un compte fb, piratage facebook gratuit\" \/>\n<meta property=\"og:url\" content=\"https:\/\/reseaudesecurite.com\/en\/product\/pirate-facebook\/\" \/>\n<meta property=\"og:site_name\" content=\"R\u00e9seau de S\u00e9curit\u00e9\" \/>\n<meta property=\"article:modified_time\" content=\"2019-08-23T16:36:06+00:00\" \/>\n<meta property=\"og:image\" content=\"https:\/\/reseaudesecurite.com\/wp-content\/uploads\/2019\/08\/pirate-facebook.jpg\" \/>\n\t<meta property=\"og:image:width\" content=\"662\" \/>\n\t<meta property=\"og:image:height\" content=\"410\" \/>\n\t<meta property=\"og:image:type\" content=\"image\/jpeg\" \/>\n<meta name=\"twitter:card\" content=\"summary_large_image\" \/>\n<meta name=\"twitter:label1\" content=\"Est. reading time\" \/>\n\t<meta name=\"twitter:data1\" content=\"1 minute\" \/>\n<script type=\"application\/ld+json\" class=\"yoast-schema-graph\">{\"@context\":\"https:\/\/schema.org\",\"@graph\":[{\"@type\":\"WebPage\",\"@id\":\"https:\/\/reseaudesecurite.com\/produit\/pirate-facebook\/\",\"url\":\"https:\/\/reseaudesecurite.com\/produit\/pirate-facebook\/\",\"name\":\"pirate facebook, hacker compte facebook, hacker un compte facebook\",\"isPartOf\":{\"@id\":\"https:\/\/reseaudesecurite.com\/#website\"},\"primaryImageOfPage\":{\"@id\":\"https:\/\/reseaudesecurite.com\/produit\/pirate-facebook\/#primaryimage\"},\"image\":{\"@id\":\"https:\/\/reseaudesecurite.com\/produit\/pirate-facebook\/#primaryimage\"},\"thumbnailUrl\":\"https:\/\/reseaudesecurite.com\/wp-content\/uploads\/2019\/08\/pirate-facebook.jpg\",\"datePublished\":\"2019-08-22T16:34:46+00:00\",\"dateModified\":\"2019-08-23T16:36:06+00:00\",\"description\":\"pirate facebook, hacker compte facebook, hacker un compte facebook, site pour pirater facebook gratuit, pirater un compte fb, piratage facebook gratuit\",\"breadcrumb\":{\"@id\":\"https:\/\/reseaudesecurite.com\/produit\/pirate-facebook\/#breadcrumb\"},\"inLanguage\":\"en-US\",\"potentialAction\":[{\"@type\":\"ReadAction\",\"target\":[\"https:\/\/reseaudesecurite.com\/produit\/pirate-facebook\/\"]}]},{\"@type\":\"ImageObject\",\"inLanguage\":\"en-US\",\"@id\":\"https:\/\/reseaudesecurite.com\/produit\/pirate-facebook\/#primaryimage\",\"url\":\"https:\/\/reseaudesecurite.com\/wp-content\/uploads\/2019\/08\/pirate-facebook.jpg\",\"contentUrl\":\"https:\/\/reseaudesecurite.com\/wp-content\/uploads\/2019\/08\/pirate-facebook.jpg\",\"width\":662,\"height\":410,\"caption\":\"pirate facebook\"},{\"@type\":\"BreadcrumbList\",\"@id\":\"https:\/\/reseaudesecurite.com\/produit\/pirate-facebook\/#breadcrumb\",\"itemListElement\":[{\"@type\":\"ListItem\",\"position\":1,\"name\":\"Boutique\",\"item\":\"https:\/\/reseaudesecurite.com\/boutique\/\"},{\"@type\":\"ListItem\",\"position\":2,\"name\":\"Pirate Facebook\"}]},{\"@type\":\"WebSite\",\"@id\":\"https:\/\/reseaudesecurite.com\/#website\",\"url\":\"https:\/\/reseaudesecurite.com\/\",\"name\":\"R\u00e9seau de S\u00e9curit\u00e9\",\"description\":\"engage un hacker professionel\",\"publisher\":{\"@id\":\"https:\/\/reseaudesecurite.com\/#organization\"},\"potentialAction\":[{\"@type\":\"SearchAction\",\"target\":{\"@type\":\"EntryPoint\",\"urlTemplate\":\"https:\/\/reseaudesecurite.com\/?s={search_term_string}\"},\"query-input\":{\"@type\":\"PropertyValueSpecification\",\"valueRequired\":true,\"valueName\":\"search_term_string\"}}],\"inLanguage\":\"en-US\"},{\"@type\":\"Organization\",\"@id\":\"https:\/\/reseaudesecurite.com\/#organization\",\"name\":\"R\u00e9seau de S\u00e9curit\u00e9\",\"url\":\"https:\/\/reseaudesecurite.com\/\",\"logo\":{\"@type\":\"ImageObject\",\"inLanguage\":\"en-US\",\"@id\":\"https:\/\/reseaudesecurite.com\/#\/schema\/logo\/image\/\",\"url\":\"https:\/\/reseaudesecurite.com\/wp-content\/uploads\/2019\/08\/cropped-engage-hacker.jpg\",\"contentUrl\":\"https:\/\/reseaudesecurite.com\/wp-content\/uploads\/2019\/08\/cropped-engage-hacker.jpg\",\"width\":86,\"height\":92,\"caption\":\"R\u00e9seau de S\u00e9curit\u00e9\"},\"image\":{\"@id\":\"https:\/\/reseaudesecurite.com\/#\/schema\/logo\/image\/\"}}]}<\/script>\n<!-- \/ Yoast SEO plugin. -->","yoast_head_json":{"title":"pirate facebook, hacker compte facebook, hacker un compte facebook","description":"pirate facebook, hacker compte facebook, hacker un compte facebook, site pour pirater facebook gratuit, pirater un compte fb, piratage facebook gratuit","robots":{"index":"index","follow":"follow","max-snippet":"max-snippet:-1","max-image-preview":"max-image-preview:large","max-video-preview":"max-video-preview:-1"},"canonical":"https:\/\/reseaudesecurite.com\/en\/product\/pirate-facebook\/","og_locale":"en_US","og_type":"article","og_title":"pirate facebook, hacker compte facebook, hacker un compte facebook","og_description":"pirate facebook, hacker compte facebook, hacker un compte facebook, site pour pirater facebook gratuit, pirater un compte fb, piratage facebook gratuit","og_url":"https:\/\/reseaudesecurite.com\/en\/product\/pirate-facebook\/","og_site_name":"R\u00e9seau de S\u00e9curit\u00e9","article_modified_time":"2019-08-23T16:36:06+00:00","og_image":[{"width":662,"height":410,"url":"https:\/\/reseaudesecurite.com\/wp-content\/uploads\/2019\/08\/pirate-facebook.jpg","type":"image\/jpeg"}],"twitter_card":"summary_large_image","twitter_misc":{"Est. reading time":"1 minute"},"schema":{"@context":"https:\/\/schema.org","@graph":[{"@type":"WebPage","@id":"https:\/\/reseaudesecurite.com\/produit\/pirate-facebook\/","url":"https:\/\/reseaudesecurite.com\/produit\/pirate-facebook\/","name":"pirate facebook, hacker compte facebook, hacker un compte facebook","isPartOf":{"@id":"https:\/\/reseaudesecurite.com\/#website"},"primaryImageOfPage":{"@id":"https:\/\/reseaudesecurite.com\/produit\/pirate-facebook\/#primaryimage"},"image":{"@id":"https:\/\/reseaudesecurite.com\/produit\/pirate-facebook\/#primaryimage"},"thumbnailUrl":"https:\/\/reseaudesecurite.com\/wp-content\/uploads\/2019\/08\/pirate-facebook.jpg","datePublished":"2019-08-22T16:34:46+00:00","dateModified":"2019-08-23T16:36:06+00:00","description":"pirate facebook, hacker compte facebook, hacker un compte facebook, site pour pirater facebook gratuit, pirater un compte fb, piratage facebook gratuit","breadcrumb":{"@id":"https:\/\/reseaudesecurite.com\/produit\/pirate-facebook\/#breadcrumb"},"inLanguage":"en-US","potentialAction":[{"@type":"ReadAction","target":["https:\/\/reseaudesecurite.com\/produit\/pirate-facebook\/"]}]},{"@type":"ImageObject","inLanguage":"en-US","@id":"https:\/\/reseaudesecurite.com\/produit\/pirate-facebook\/#primaryimage","url":"https:\/\/reseaudesecurite.com\/wp-content\/uploads\/2019\/08\/pirate-facebook.jpg","contentUrl":"https:\/\/reseaudesecurite.com\/wp-content\/uploads\/2019\/08\/pirate-facebook.jpg","width":662,"height":410,"caption":"pirate facebook"},{"@type":"BreadcrumbList","@id":"https:\/\/reseaudesecurite.com\/produit\/pirate-facebook\/#breadcrumb","itemListElement":[{"@type":"ListItem","position":1,"name":"Boutique","item":"https:\/\/reseaudesecurite.com\/boutique\/"},{"@type":"ListItem","position":2,"name":"Pirate Facebook"}]},{"@type":"WebSite","@id":"https:\/\/reseaudesecurite.com\/#website","url":"https:\/\/reseaudesecurite.com\/","name":"R\u00e9seau de S\u00e9curit\u00e9","description":"engage un hacker professionel","publisher":{"@id":"https:\/\/reseaudesecurite.com\/#organization"},"potentialAction":[{"@type":"SearchAction","target":{"@type":"EntryPoint","urlTemplate":"https:\/\/reseaudesecurite.com\/?s={search_term_string}"},"query-input":{"@type":"PropertyValueSpecification","valueRequired":true,"valueName":"search_term_string"}}],"inLanguage":"en-US"},{"@type":"Organization","@id":"https:\/\/reseaudesecurite.com\/#organization","name":"R\u00e9seau de S\u00e9curit\u00e9","url":"https:\/\/reseaudesecurite.com\/","logo":{"@type":"ImageObject","inLanguage":"en-US","@id":"https:\/\/reseaudesecurite.com\/#\/schema\/logo\/image\/","url":"https:\/\/reseaudesecurite.com\/wp-content\/uploads\/2019\/08\/cropped-engage-hacker.jpg","contentUrl":"https:\/\/reseaudesecurite.com\/wp-content\/uploads\/2019\/08\/cropped-engage-hacker.jpg","width":86,"height":92,"caption":"R\u00e9seau de S\u00e9curit\u00e9"},"image":{"@id":"https:\/\/reseaudesecurite.com\/#\/schema\/logo\/image\/"}}]}},"_links":{"self":[{"href":"https:\/\/reseaudesecurite.com\/en\/wp-json\/wp\/v2\/product\/20","targetHints":{"allow":["GET"]}}],"collection":[{"href":"https:\/\/reseaudesecurite.com\/en\/wp-json\/wp\/v2\/product"}],"about":[{"href":"https:\/\/reseaudesecurite.com\/en\/wp-json\/wp\/v2\/types\/product"}],"replies":[{"embeddable":true,"href":"https:\/\/reseaudesecurite.com\/en\/wp-json\/wp\/v2\/comments?post=20"}],"wp:featuredmedia":[{"embeddable":true,"href":"https:\/\/reseaudesecurite.com\/en\/wp-json\/wp\/v2\/media\/21"}],"wp:attachment":[{"href":"https:\/\/reseaudesecurite.com\/en\/wp-json\/wp\/v2\/media?parent=20"}],"wp:term":[{"taxonomy":"product_brand","embeddable":true,"href":"https:\/\/reseaudesecurite.com\/en\/wp-json\/wp\/v2\/product_brand?post=20"},{"taxonomy":"product_cat","embeddable":true,"href":"https:\/\/reseaudesecurite.com\/en\/wp-json\/wp\/v2\/product_cat?post=20"},{"taxonomy":"product_tag","embeddable":true,"href":"https:\/\/reseaudesecurite.com\/en\/wp-json\/wp\/v2\/product_tag?post=20"}],"curies":[{"name":"wp","href":"https:\/\/api.w.org\/{rel}","templated":true}]}}