{"id":24,"date":"2019-08-22T16:51:33","date_gmt":"2019-08-22T16:51:33","guid":{"rendered":"https:\/\/reseaudesecurite.com\/?post_type=product&#038;p=24"},"modified":"2024-12-31T13:11:02","modified_gmt":"2024-12-31T13:11:02","slug":"hack-an-instagram-account","status":"publish","type":"product","link":"https:\/\/reseaudesecurite.com\/en\/product\/hack-an-instagram-account\/","title":{"rendered":"hack an Instagram account"},"content":{"rendered":"<p>hack an Instagram account, hack an Instagram account <a href=\"https:\/\/recruter-un-hacker.com\/product\/piratage-instagram\/\" target=\"_blank\" rel=\"noopener noreferrer\">How to hack an Instagram account<\/a>,<\/p>\n<p>Like other social networks, Instagram also has vulnerabilities, especially since its integration with Facebook. The main techniques used in this case are phishing, keyloggers, and exploits.<\/p>\n<p>For Instagram, you must provide us with the victim's exact username or corresponding URL to allow us to hack their account through exploits by infiltrating the various popular accounts they follow. Thus, with a simple click on a link we will have generated, we take control of the victim's account and grant you access rights via the referral system inherited from Facebook.<\/p>\n<p><a href=\"https:\/\/reseaudesecurite.com\/en\/contact-us\/\">CONTACT US NOW TO HACK WHATSAPP!<\/a><\/p>\n<p>&nbsp;<\/p>","protected":false},"excerpt":{"rendered":"<p>Like other social networks, Instagram also has vulnerabilities, especially since its integration with Facebook. The main techniques used in this case are phishing, keyloggers, and exploits.<\/p>\n<p> <a class=\"more-link\" href=\"https:\/\/reseaudesecurite.com\/en\/product\/hack-an-instagram-account\/\">Read more<\/a><\/p>","protected":false},"featured_media":25,"comment_status":"open","ping_status":"closed","template":"","meta":{"_joinchat":[]},"product_brand":[],"product_cat":[16],"product_tag":[47,45,48,44,46,43,42],"class_list":{"0":"post-24","1":"product","2":"type-product","3":"status-publish","4":"has-post-thumbnail","6":"product_cat-nos-services","7":"product_tag-comment-hacker-un-compte-instagram","8":"product_tag-comment-pirater-instagram","9":"product_tag-comment-pirater-un-compte-insta","10":"product_tag-comment-pirater-un-instagram","11":"product_tag-hacker-compte-instagram","12":"product_tag-pirate-un-compte-instagram","13":"product_tag-pirater-un-instagram","15":"first","16":"instock","17":"taxable","18":"shipping-taxable","19":"product-type-simple"},"yoast_head":"<!-- This site is optimized with the Yoast SEO plugin v27.2 - https:\/\/yoast.com\/product\/yoast-seo-wordpress\/ -->\n<title>pirater un instagram, pirate un compte instagram|hacker compte instagram<\/title>\n<meta name=\"description\" content=\"pirater un instagram, pirate un compte instagram, comment pirater un instagram, hacker compte instagram, comment hacker instagram\" \/>\n<meta name=\"robots\" content=\"index, follow, max-snippet:-1, max-image-preview:large, max-video-preview:-1\" \/>\n<link rel=\"canonical\" href=\"https:\/\/reseaudesecurite.com\/en\/product\/hack-an-instagram-account\/\" \/>\n<meta property=\"og:locale\" content=\"en_US\" \/>\n<meta property=\"og:type\" content=\"article\" \/>\n<meta property=\"og:title\" content=\"pirater un instagram, pirate un compte instagram|hacker compte instagram\" \/>\n<meta property=\"og:description\" content=\"pirater un instagram, pirate un compte instagram, comment pirater un instagram, hacker compte instagram, comment hacker instagram\" \/>\n<meta property=\"og:url\" content=\"https:\/\/reseaudesecurite.com\/en\/product\/hack-an-instagram-account\/\" \/>\n<meta property=\"og:site_name\" content=\"R\u00e9seau de S\u00e9curit\u00e9\" \/>\n<meta property=\"article:modified_time\" content=\"2024-12-31T13:11:02+00:00\" \/>\n<meta property=\"og:image\" content=\"https:\/\/reseaudesecurite.com\/wp-content\/uploads\/2019\/08\/Pirater-un-Compte-Instagram.jpg\" \/>\n\t<meta property=\"og:image:width\" content=\"630\" \/>\n\t<meta property=\"og:image:height\" content=\"420\" \/>\n\t<meta property=\"og:image:type\" content=\"image\/jpeg\" \/>\n<meta name=\"twitter:card\" content=\"summary_large_image\" \/>\n<meta name=\"twitter:label1\" content=\"Est. reading time\" \/>\n\t<meta name=\"twitter:data1\" content=\"1 minute\" \/>\n<script type=\"application\/ld+json\" class=\"yoast-schema-graph\">{\"@context\":\"https:\/\/schema.org\",\"@graph\":[{\"@type\":\"WebPage\",\"@id\":\"https:\/\/reseaudesecurite.com\/produit\/pirater-un-instagram\/\",\"url\":\"https:\/\/reseaudesecurite.com\/produit\/pirater-un-instagram\/\",\"name\":\"pirater un instagram, pirate un compte instagram|hacker compte instagram\",\"isPartOf\":{\"@id\":\"https:\/\/reseaudesecurite.com\/#website\"},\"primaryImageOfPage\":{\"@id\":\"https:\/\/reseaudesecurite.com\/produit\/pirater-un-instagram\/#primaryimage\"},\"image\":{\"@id\":\"https:\/\/reseaudesecurite.com\/produit\/pirater-un-instagram\/#primaryimage\"},\"thumbnailUrl\":\"https:\/\/reseaudesecurite.com\/wp-content\/uploads\/2019\/08\/Pirater-un-Compte-Instagram.jpg\",\"datePublished\":\"2019-08-22T16:51:33+00:00\",\"dateModified\":\"2024-12-31T13:11:02+00:00\",\"description\":\"pirater un instagram, pirate un compte instagram, comment pirater un instagram, hacker compte instagram, comment hacker instagram\",\"breadcrumb\":{\"@id\":\"https:\/\/reseaudesecurite.com\/produit\/pirater-un-instagram\/#breadcrumb\"},\"inLanguage\":\"en-US\",\"potentialAction\":[{\"@type\":\"ReadAction\",\"target\":[\"https:\/\/reseaudesecurite.com\/produit\/pirater-un-instagram\/\"]}]},{\"@type\":\"ImageObject\",\"inLanguage\":\"en-US\",\"@id\":\"https:\/\/reseaudesecurite.com\/produit\/pirater-un-instagram\/#primaryimage\",\"url\":\"https:\/\/reseaudesecurite.com\/wp-content\/uploads\/2019\/08\/Pirater-un-Compte-Instagram.jpg\",\"contentUrl\":\"https:\/\/reseaudesecurite.com\/wp-content\/uploads\/2019\/08\/Pirater-un-Compte-Instagram.jpg\",\"width\":630,\"height\":420,\"caption\":\"pirater un instagram\"},{\"@type\":\"BreadcrumbList\",\"@id\":\"https:\/\/reseaudesecurite.com\/produit\/pirater-un-instagram\/#breadcrumb\",\"itemListElement\":[{\"@type\":\"ListItem\",\"position\":1,\"name\":\"Boutique\",\"item\":\"https:\/\/reseaudesecurite.com\/boutique\/\"},{\"@type\":\"ListItem\",\"position\":2,\"name\":\"pirater un instagram\"}]},{\"@type\":\"WebSite\",\"@id\":\"https:\/\/reseaudesecurite.com\/#website\",\"url\":\"https:\/\/reseaudesecurite.com\/\",\"name\":\"R\u00e9seau de S\u00e9curit\u00e9\",\"description\":\"engage un hacker professionel\",\"publisher\":{\"@id\":\"https:\/\/reseaudesecurite.com\/#organization\"},\"potentialAction\":[{\"@type\":\"SearchAction\",\"target\":{\"@type\":\"EntryPoint\",\"urlTemplate\":\"https:\/\/reseaudesecurite.com\/?s={search_term_string}\"},\"query-input\":{\"@type\":\"PropertyValueSpecification\",\"valueRequired\":true,\"valueName\":\"search_term_string\"}}],\"inLanguage\":\"en-US\"},{\"@type\":\"Organization\",\"@id\":\"https:\/\/reseaudesecurite.com\/#organization\",\"name\":\"R\u00e9seau de S\u00e9curit\u00e9\",\"url\":\"https:\/\/reseaudesecurite.com\/\",\"logo\":{\"@type\":\"ImageObject\",\"inLanguage\":\"en-US\",\"@id\":\"https:\/\/reseaudesecurite.com\/#\/schema\/logo\/image\/\",\"url\":\"https:\/\/reseaudesecurite.com\/wp-content\/uploads\/2019\/08\/cropped-engage-hacker.jpg\",\"contentUrl\":\"https:\/\/reseaudesecurite.com\/wp-content\/uploads\/2019\/08\/cropped-engage-hacker.jpg\",\"width\":86,\"height\":92,\"caption\":\"R\u00e9seau de S\u00e9curit\u00e9\"},\"image\":{\"@id\":\"https:\/\/reseaudesecurite.com\/#\/schema\/logo\/image\/\"}}]}<\/script>\n<!-- \/ Yoast SEO plugin. -->","yoast_head_json":{"title":"pirater un instagram, pirate un compte instagram|hacker compte instagram","description":"pirater un instagram, pirate un compte instagram, comment pirater un instagram, hacker compte instagram, comment hacker instagram","robots":{"index":"index","follow":"follow","max-snippet":"max-snippet:-1","max-image-preview":"max-image-preview:large","max-video-preview":"max-video-preview:-1"},"canonical":"https:\/\/reseaudesecurite.com\/en\/product\/hack-an-instagram-account\/","og_locale":"en_US","og_type":"article","og_title":"pirater un instagram, pirate un compte instagram|hacker compte instagram","og_description":"pirater un instagram, pirate un compte instagram, comment pirater un instagram, hacker compte instagram, comment hacker instagram","og_url":"https:\/\/reseaudesecurite.com\/en\/product\/hack-an-instagram-account\/","og_site_name":"R\u00e9seau de S\u00e9curit\u00e9","article_modified_time":"2024-12-31T13:11:02+00:00","og_image":[{"width":630,"height":420,"url":"https:\/\/reseaudesecurite.com\/wp-content\/uploads\/2019\/08\/Pirater-un-Compte-Instagram.jpg","type":"image\/jpeg"}],"twitter_card":"summary_large_image","twitter_misc":{"Est. reading time":"1 minute"},"schema":{"@context":"https:\/\/schema.org","@graph":[{"@type":"WebPage","@id":"https:\/\/reseaudesecurite.com\/produit\/pirater-un-instagram\/","url":"https:\/\/reseaudesecurite.com\/produit\/pirater-un-instagram\/","name":"pirater un instagram, pirate un compte instagram|hacker compte instagram","isPartOf":{"@id":"https:\/\/reseaudesecurite.com\/#website"},"primaryImageOfPage":{"@id":"https:\/\/reseaudesecurite.com\/produit\/pirater-un-instagram\/#primaryimage"},"image":{"@id":"https:\/\/reseaudesecurite.com\/produit\/pirater-un-instagram\/#primaryimage"},"thumbnailUrl":"https:\/\/reseaudesecurite.com\/wp-content\/uploads\/2019\/08\/Pirater-un-Compte-Instagram.jpg","datePublished":"2019-08-22T16:51:33+00:00","dateModified":"2024-12-31T13:11:02+00:00","description":"pirater un instagram, pirate un compte instagram, comment pirater un instagram, hacker compte instagram, comment hacker instagram","breadcrumb":{"@id":"https:\/\/reseaudesecurite.com\/produit\/pirater-un-instagram\/#breadcrumb"},"inLanguage":"en-US","potentialAction":[{"@type":"ReadAction","target":["https:\/\/reseaudesecurite.com\/produit\/pirater-un-instagram\/"]}]},{"@type":"ImageObject","inLanguage":"en-US","@id":"https:\/\/reseaudesecurite.com\/produit\/pirater-un-instagram\/#primaryimage","url":"https:\/\/reseaudesecurite.com\/wp-content\/uploads\/2019\/08\/Pirater-un-Compte-Instagram.jpg","contentUrl":"https:\/\/reseaudesecurite.com\/wp-content\/uploads\/2019\/08\/Pirater-un-Compte-Instagram.jpg","width":630,"height":420,"caption":"pirater un instagram"},{"@type":"BreadcrumbList","@id":"https:\/\/reseaudesecurite.com\/produit\/pirater-un-instagram\/#breadcrumb","itemListElement":[{"@type":"ListItem","position":1,"name":"Boutique","item":"https:\/\/reseaudesecurite.com\/boutique\/"},{"@type":"ListItem","position":2,"name":"pirater un instagram"}]},{"@type":"WebSite","@id":"https:\/\/reseaudesecurite.com\/#website","url":"https:\/\/reseaudesecurite.com\/","name":"R\u00e9seau de S\u00e9curit\u00e9","description":"engage un hacker professionel","publisher":{"@id":"https:\/\/reseaudesecurite.com\/#organization"},"potentialAction":[{"@type":"SearchAction","target":{"@type":"EntryPoint","urlTemplate":"https:\/\/reseaudesecurite.com\/?s={search_term_string}"},"query-input":{"@type":"PropertyValueSpecification","valueRequired":true,"valueName":"search_term_string"}}],"inLanguage":"en-US"},{"@type":"Organization","@id":"https:\/\/reseaudesecurite.com\/#organization","name":"R\u00e9seau de S\u00e9curit\u00e9","url":"https:\/\/reseaudesecurite.com\/","logo":{"@type":"ImageObject","inLanguage":"en-US","@id":"https:\/\/reseaudesecurite.com\/#\/schema\/logo\/image\/","url":"https:\/\/reseaudesecurite.com\/wp-content\/uploads\/2019\/08\/cropped-engage-hacker.jpg","contentUrl":"https:\/\/reseaudesecurite.com\/wp-content\/uploads\/2019\/08\/cropped-engage-hacker.jpg","width":86,"height":92,"caption":"R\u00e9seau de S\u00e9curit\u00e9"},"image":{"@id":"https:\/\/reseaudesecurite.com\/#\/schema\/logo\/image\/"}}]}},"_links":{"self":[{"href":"https:\/\/reseaudesecurite.com\/en\/wp-json\/wp\/v2\/product\/24","targetHints":{"allow":["GET"]}}],"collection":[{"href":"https:\/\/reseaudesecurite.com\/en\/wp-json\/wp\/v2\/product"}],"about":[{"href":"https:\/\/reseaudesecurite.com\/en\/wp-json\/wp\/v2\/types\/product"}],"replies":[{"embeddable":true,"href":"https:\/\/reseaudesecurite.com\/en\/wp-json\/wp\/v2\/comments?post=24"}],"wp:featuredmedia":[{"embeddable":true,"href":"https:\/\/reseaudesecurite.com\/en\/wp-json\/wp\/v2\/media\/25"}],"wp:attachment":[{"href":"https:\/\/reseaudesecurite.com\/en\/wp-json\/wp\/v2\/media?parent=24"}],"wp:term":[{"taxonomy":"product_brand","embeddable":true,"href":"https:\/\/reseaudesecurite.com\/en\/wp-json\/wp\/v2\/product_brand?post=24"},{"taxonomy":"product_cat","embeddable":true,"href":"https:\/\/reseaudesecurite.com\/en\/wp-json\/wp\/v2\/product_cat?post=24"},{"taxonomy":"product_tag","embeddable":true,"href":"https:\/\/reseaudesecurite.com\/en\/wp-json\/wp\/v2\/product_tag?post=24"}],"curies":[{"name":"wp","href":"https:\/\/api.w.org\/{rel}","templated":true}]}}