{"id":28,"date":"2019-08-22T17:31:32","date_gmt":"2019-08-22T17:31:32","guid":{"rendered":"https:\/\/reseaudesecurite.com\/?post_type=product&#038;p=28"},"modified":"2023-11-15T12:18:44","modified_gmt":"2023-11-15T12:18:44","slug":"hack-email","status":"publish","type":"product","link":"https:\/\/reseaudesecurite.com\/en\/product\/hack-email\/","title":{"rendered":"email hacker"},"content":{"rendered":"<p class=\"translation-block\">email hacker, mailbox hacker, email address hacker, email hacker, <a href=\"https:\/\/contacter-un-hacker.com\/faq\/\" target=\"_blank\" rel=\"noopener noreferrer\">hacker email<\/a>, email hacker, mailbox hack, <a href=\"https:\/\/recruter-un-hacker.com\/product\/suivi-de-messagerie-electronique-email\/\" target=\"_blank\" rel=\"noopener noreferrer\">hack an email<\/a><\/p>\n<p>It all depends on the authentication system used.<\/p>\n<p>If the target uses a one-factor authentication system, you will only need their password; however, if it is a two-factor system, you will also need to be in possession of the target's phone (which is not easy) to confirm the connection to the mailbox.<\/p>\n<p>We have developed foolproof methods to successfully hack email accounts, including the use of a keylogger (keystroke recording program) which allows us to directly retrieve the login credentials of the targeted person as they type them on their keyboard.<\/p>\n<p>To achieve our goals, we also use methods related to human psychology that lead the victim to share their information with us without suspecting anything (phishing). You can now spy on anyone without their knowledge and perhaps uncover unspeakable secrets and reap the benefits.<\/p>\n<p><a href=\"https:\/\/reseaudesecurite.com\/en\/contact-us\/\">Contact Us<\/a><\/p>","protected":false},"excerpt":{"rendered":"<p>It all depends on the authentication system used.<\/p>\n<p>If the target uses a one-factor authentication system, you will only need their password; however, if it is a two-factor system, you will also need to be in possession of the target's phone (which is not easy) to confirm the connection to the mailbox.<\/p>\n<p> <a class=\"more-link\" href=\"https:\/\/reseaudesecurite.com\/en\/product\/hack-email\/\">Read more<\/a><\/p>","protected":false},"featured_media":29,"comment_status":"open","ping_status":"closed","template":"","meta":{"_joinchat":[]},"product_brand":[],"product_cat":[16],"product_tag":[61,60,63,57,56,62,55,64,58,59],"class_list":{"0":"post-28","1":"product","2":"type-product","3":"status-publish","4":"has-post-thumbnail","6":"product_cat-nos-services","7":"product_tag-email-de-hackers","8":"product_tag-email-hacker","9":"product_tag-hack-boite-mail","10":"product_tag-hacker-adresse-mail","11":"product_tag-hacker-boite-mail","12":"product_tag-hacker-email","13":"product_tag-hacker-mail","14":"product_tag-hacker-un-email","15":"product_tag-hacker-une-adresse-mail","16":"product_tag-mail-hack","18":"first","19":"instock","20":"taxable","21":"shipping-taxable","22":"product-type-simple"},"yoast_head":"<!-- This site is optimized with the Yoast SEO plugin v27.2 - https:\/\/yoast.com\/product\/yoast-seo-wordpress\/ -->\n<title>hacker mail, hacker boite mail, hacker adresse mail, mail hack<\/title>\n<meta name=\"description\" content=\"hacker mail, hacker boite mail, hacker adresse mail, hacker une adresse mail, mail hack, email hacker, email de hackers, hacker email\" \/>\n<meta name=\"robots\" content=\"index, follow, max-snippet:-1, max-image-preview:large, max-video-preview:-1\" \/>\n<link rel=\"canonical\" href=\"https:\/\/reseaudesecurite.com\/en\/product\/hack-email\/\" \/>\n<meta property=\"og:locale\" content=\"en_US\" \/>\n<meta property=\"og:type\" content=\"article\" \/>\n<meta property=\"og:title\" content=\"hacker mail, hacker boite mail, hacker adresse mail, mail hack\" \/>\n<meta property=\"og:description\" content=\"hacker mail, hacker boite mail, hacker adresse mail, hacker une adresse mail, mail hack, email hacker, email de hackers, hacker email\" \/>\n<meta property=\"og:url\" content=\"https:\/\/reseaudesecurite.com\/en\/product\/hack-email\/\" \/>\n<meta property=\"og:site_name\" content=\"R\u00e9seau de S\u00e9curit\u00e9\" \/>\n<meta property=\"article:modified_time\" content=\"2023-11-15T12:18:44+00:00\" \/>\n<meta property=\"og:image\" content=\"https:\/\/reseaudesecurite.com\/wp-content\/uploads\/2019\/08\/Pirater-une-Boite-Email.png\" \/>\n\t<meta property=\"og:image:width\" content=\"467\" \/>\n\t<meta property=\"og:image:height\" content=\"392\" \/>\n\t<meta property=\"og:image:type\" content=\"image\/png\" \/>\n<meta name=\"twitter:card\" content=\"summary_large_image\" \/>\n<meta name=\"twitter:label1\" content=\"Est. reading time\" \/>\n\t<meta name=\"twitter:data1\" content=\"1 minute\" \/>\n<script type=\"application\/ld+json\" class=\"yoast-schema-graph\">{\"@context\":\"https:\/\/schema.org\",\"@graph\":[{\"@type\":\"WebPage\",\"@id\":\"https:\/\/reseaudesecurite.com\/produit\/hacker-mail\/\",\"url\":\"https:\/\/reseaudesecurite.com\/produit\/hacker-mail\/\",\"name\":\"hacker mail, hacker boite mail, hacker adresse mail, mail hack\",\"isPartOf\":{\"@id\":\"https:\/\/reseaudesecurite.com\/#website\"},\"primaryImageOfPage\":{\"@id\":\"https:\/\/reseaudesecurite.com\/produit\/hacker-mail\/#primaryimage\"},\"image\":{\"@id\":\"https:\/\/reseaudesecurite.com\/produit\/hacker-mail\/#primaryimage\"},\"thumbnailUrl\":\"https:\/\/reseaudesecurite.com\/wp-content\/uploads\/2019\/08\/Pirater-une-Boite-Email.png\",\"datePublished\":\"2019-08-22T17:31:32+00:00\",\"dateModified\":\"2023-11-15T12:18:44+00:00\",\"description\":\"hacker mail, hacker boite mail, hacker adresse mail, hacker une adresse mail, mail hack, email hacker, email de hackers, hacker email\",\"breadcrumb\":{\"@id\":\"https:\/\/reseaudesecurite.com\/produit\/hacker-mail\/#breadcrumb\"},\"inLanguage\":\"en-US\",\"potentialAction\":[{\"@type\":\"ReadAction\",\"target\":[\"https:\/\/reseaudesecurite.com\/produit\/hacker-mail\/\"]}]},{\"@type\":\"ImageObject\",\"inLanguage\":\"en-US\",\"@id\":\"https:\/\/reseaudesecurite.com\/produit\/hacker-mail\/#primaryimage\",\"url\":\"https:\/\/reseaudesecurite.com\/wp-content\/uploads\/2019\/08\/Pirater-une-Boite-Email.png\",\"contentUrl\":\"https:\/\/reseaudesecurite.com\/wp-content\/uploads\/2019\/08\/Pirater-une-Boite-Email.png\",\"width\":467,\"height\":392,\"caption\":\"hacker mail\"},{\"@type\":\"BreadcrumbList\",\"@id\":\"https:\/\/reseaudesecurite.com\/produit\/hacker-mail\/#breadcrumb\",\"itemListElement\":[{\"@type\":\"ListItem\",\"position\":1,\"name\":\"Boutique\",\"item\":\"https:\/\/reseaudesecurite.com\/boutique\/\"},{\"@type\":\"ListItem\",\"position\":2,\"name\":\"hacker mail\"}]},{\"@type\":\"WebSite\",\"@id\":\"https:\/\/reseaudesecurite.com\/#website\",\"url\":\"https:\/\/reseaudesecurite.com\/\",\"name\":\"R\u00e9seau de S\u00e9curit\u00e9\",\"description\":\"engage un hacker professionel\",\"publisher\":{\"@id\":\"https:\/\/reseaudesecurite.com\/#organization\"},\"potentialAction\":[{\"@type\":\"SearchAction\",\"target\":{\"@type\":\"EntryPoint\",\"urlTemplate\":\"https:\/\/reseaudesecurite.com\/?s={search_term_string}\"},\"query-input\":{\"@type\":\"PropertyValueSpecification\",\"valueRequired\":true,\"valueName\":\"search_term_string\"}}],\"inLanguage\":\"en-US\"},{\"@type\":\"Organization\",\"@id\":\"https:\/\/reseaudesecurite.com\/#organization\",\"name\":\"R\u00e9seau de S\u00e9curit\u00e9\",\"url\":\"https:\/\/reseaudesecurite.com\/\",\"logo\":{\"@type\":\"ImageObject\",\"inLanguage\":\"en-US\",\"@id\":\"https:\/\/reseaudesecurite.com\/#\/schema\/logo\/image\/\",\"url\":\"https:\/\/reseaudesecurite.com\/wp-content\/uploads\/2019\/08\/cropped-engage-hacker.jpg\",\"contentUrl\":\"https:\/\/reseaudesecurite.com\/wp-content\/uploads\/2019\/08\/cropped-engage-hacker.jpg\",\"width\":86,\"height\":92,\"caption\":\"R\u00e9seau de S\u00e9curit\u00e9\"},\"image\":{\"@id\":\"https:\/\/reseaudesecurite.com\/#\/schema\/logo\/image\/\"}}]}<\/script>\n<!-- \/ Yoast SEO plugin. -->","yoast_head_json":{"title":"hacker mail, hacker boite mail, hacker adresse mail, mail hack","description":"hacker mail, hacker boite mail, hacker adresse mail, hacker une adresse mail, mail hack, email hacker, email de hackers, hacker email","robots":{"index":"index","follow":"follow","max-snippet":"max-snippet:-1","max-image-preview":"max-image-preview:large","max-video-preview":"max-video-preview:-1"},"canonical":"https:\/\/reseaudesecurite.com\/en\/product\/hack-email\/","og_locale":"en_US","og_type":"article","og_title":"hacker mail, hacker boite mail, hacker adresse mail, mail hack","og_description":"hacker mail, hacker boite mail, hacker adresse mail, hacker une adresse mail, mail hack, email hacker, email de hackers, hacker email","og_url":"https:\/\/reseaudesecurite.com\/en\/product\/hack-email\/","og_site_name":"R\u00e9seau de S\u00e9curit\u00e9","article_modified_time":"2023-11-15T12:18:44+00:00","og_image":[{"width":467,"height":392,"url":"https:\/\/reseaudesecurite.com\/wp-content\/uploads\/2019\/08\/Pirater-une-Boite-Email.png","type":"image\/png"}],"twitter_card":"summary_large_image","twitter_misc":{"Est. reading time":"1 minute"},"schema":{"@context":"https:\/\/schema.org","@graph":[{"@type":"WebPage","@id":"https:\/\/reseaudesecurite.com\/produit\/hacker-mail\/","url":"https:\/\/reseaudesecurite.com\/produit\/hacker-mail\/","name":"hacker mail, hacker boite mail, hacker adresse mail, mail hack","isPartOf":{"@id":"https:\/\/reseaudesecurite.com\/#website"},"primaryImageOfPage":{"@id":"https:\/\/reseaudesecurite.com\/produit\/hacker-mail\/#primaryimage"},"image":{"@id":"https:\/\/reseaudesecurite.com\/produit\/hacker-mail\/#primaryimage"},"thumbnailUrl":"https:\/\/reseaudesecurite.com\/wp-content\/uploads\/2019\/08\/Pirater-une-Boite-Email.png","datePublished":"2019-08-22T17:31:32+00:00","dateModified":"2023-11-15T12:18:44+00:00","description":"hacker mail, hacker boite mail, hacker adresse mail, hacker une adresse mail, mail hack, email hacker, email de hackers, hacker email","breadcrumb":{"@id":"https:\/\/reseaudesecurite.com\/produit\/hacker-mail\/#breadcrumb"},"inLanguage":"en-US","potentialAction":[{"@type":"ReadAction","target":["https:\/\/reseaudesecurite.com\/produit\/hacker-mail\/"]}]},{"@type":"ImageObject","inLanguage":"en-US","@id":"https:\/\/reseaudesecurite.com\/produit\/hacker-mail\/#primaryimage","url":"https:\/\/reseaudesecurite.com\/wp-content\/uploads\/2019\/08\/Pirater-une-Boite-Email.png","contentUrl":"https:\/\/reseaudesecurite.com\/wp-content\/uploads\/2019\/08\/Pirater-une-Boite-Email.png","width":467,"height":392,"caption":"hacker mail"},{"@type":"BreadcrumbList","@id":"https:\/\/reseaudesecurite.com\/produit\/hacker-mail\/#breadcrumb","itemListElement":[{"@type":"ListItem","position":1,"name":"Boutique","item":"https:\/\/reseaudesecurite.com\/boutique\/"},{"@type":"ListItem","position":2,"name":"hacker mail"}]},{"@type":"WebSite","@id":"https:\/\/reseaudesecurite.com\/#website","url":"https:\/\/reseaudesecurite.com\/","name":"R\u00e9seau de S\u00e9curit\u00e9","description":"engage un hacker professionel","publisher":{"@id":"https:\/\/reseaudesecurite.com\/#organization"},"potentialAction":[{"@type":"SearchAction","target":{"@type":"EntryPoint","urlTemplate":"https:\/\/reseaudesecurite.com\/?s={search_term_string}"},"query-input":{"@type":"PropertyValueSpecification","valueRequired":true,"valueName":"search_term_string"}}],"inLanguage":"en-US"},{"@type":"Organization","@id":"https:\/\/reseaudesecurite.com\/#organization","name":"R\u00e9seau de S\u00e9curit\u00e9","url":"https:\/\/reseaudesecurite.com\/","logo":{"@type":"ImageObject","inLanguage":"en-US","@id":"https:\/\/reseaudesecurite.com\/#\/schema\/logo\/image\/","url":"https:\/\/reseaudesecurite.com\/wp-content\/uploads\/2019\/08\/cropped-engage-hacker.jpg","contentUrl":"https:\/\/reseaudesecurite.com\/wp-content\/uploads\/2019\/08\/cropped-engage-hacker.jpg","width":86,"height":92,"caption":"R\u00e9seau de S\u00e9curit\u00e9"},"image":{"@id":"https:\/\/reseaudesecurite.com\/#\/schema\/logo\/image\/"}}]}},"_links":{"self":[{"href":"https:\/\/reseaudesecurite.com\/en\/wp-json\/wp\/v2\/product\/28","targetHints":{"allow":["GET"]}}],"collection":[{"href":"https:\/\/reseaudesecurite.com\/en\/wp-json\/wp\/v2\/product"}],"about":[{"href":"https:\/\/reseaudesecurite.com\/en\/wp-json\/wp\/v2\/types\/product"}],"replies":[{"embeddable":true,"href":"https:\/\/reseaudesecurite.com\/en\/wp-json\/wp\/v2\/comments?post=28"}],"wp:featuredmedia":[{"embeddable":true,"href":"https:\/\/reseaudesecurite.com\/en\/wp-json\/wp\/v2\/media\/29"}],"wp:attachment":[{"href":"https:\/\/reseaudesecurite.com\/en\/wp-json\/wp\/v2\/media?parent=28"}],"wp:term":[{"taxonomy":"product_brand","embeddable":true,"href":"https:\/\/reseaudesecurite.com\/en\/wp-json\/wp\/v2\/product_brand?post=28"},{"taxonomy":"product_cat","embeddable":true,"href":"https:\/\/reseaudesecurite.com\/en\/wp-json\/wp\/v2\/product_cat?post=28"},{"taxonomy":"product_tag","embeddable":true,"href":"https:\/\/reseaudesecurite.com\/en\/wp-json\/wp\/v2\/product_tag?post=28"}],"curies":[{"name":"wp","href":"https:\/\/api.w.org\/{rel}","templated":true}]}}