{"id":28,"date":"2019-08-22T17:31:32","date_gmt":"2019-08-22T17:31:32","guid":{"rendered":"https:\/\/reseaudesecurite.com\/?post_type=product&#038;p=28"},"modified":"2026-05-08T11:00:40","modified_gmt":"2026-05-08T11:00:40","slug":"hacker-mail","status":"publish","type":"product","link":"https:\/\/reseaudesecurite.com\/fr\/produit\/hacker-mail\/","title":{"rendered":"hacker mail"},"content":{"rendered":"<p>hacker mail, hacker boite mail, hacker adresse mail,\u00a0 email hacker, <a href=\"https:\/\/contacter-un-hacker.com\/faq\/\" target=\"_blank\" rel=\"noopener noreferrer\">email de hackers<\/a>, hacker email, hack boite mail, <a href=\"https:\/\/recruter-un-hacker.com\/product\/suivi-de-messagerie-electronique-email\/\" target=\"_blank\" rel=\"noopener noreferrer\">hacker un email<\/a><\/p>\n<p>Tout d\u00e9pend du syst\u00e8me d&rsquo;authentification utilis\u00e9.<\/p>\n<p>Si la cible utilise un syst\u00e8me d&rsquo;authentification \u00e0 un facteur, il vous suffira d&rsquo;avoir son mot de passe; par contre, s&rsquo;il s&rsquo;agit d&rsquo;un syst\u00e8me \u00e0 deux facteurs, il faudra en plus \u00eatre en possession du t\u00e9l\u00e9phone de la cible (ce qui n&rsquo;est pas \u00e9vident) pour confirmer la connexion \u00e0 la boite mail.<\/p>\n<p>Nous avons d\u00e9velopp\u00e9 des moyens infaillibles pour mener \u00e0 bien notre piratage de boite mail, notamment l&rsquo;utilisation d&rsquo;un keylogger (programme enregistreur de frappe) qui nous permet de r\u00e9cup\u00e9rer directement les identifiants de connexion de la personne cibl\u00e9e en m\u00eame temps qu&rsquo;elle les saisit sur son clavier.<\/p>\n<p>Pour parvenir \u00e0 nos fins,\u00a0 nous utilisons \u00e9galement des m\u00e9thodes li\u00e9s \u00e0 la psychologie humaine qui am\u00e8nent la victime \u00e0 nous communiquer ses informations sans qu&rsquo;elle se doute de quelque chose (hame\u00e7onnage). Vous pouvez \u00e0 pr\u00e9sent espionner n&rsquo;importe qui \u00e0 son insu et d\u00e9couvrir peut \u00eatre des secrets inavouables et en tirer des avantages.<\/p>\n<p><a href=\"https:\/\/reseaudesecurite.com\/contactez-nous\/\">Contactez Nous<\/a><\/p>\n","protected":false},"excerpt":{"rendered":"<p>Tout d\u00e9pend du syst\u00e8me d&rsquo;authentification utilis\u00e9.<\/p>\n<p>Si la cible utilise un syst\u00e8me d&rsquo;authentification \u00e0 un facteur, il vous suffira d&rsquo;avoir son mot de passe; par contre, s&rsquo;il s&rsquo;agit d&rsquo;un syst\u00e8me \u00e0 deux facteurs, il faudra en plus \u00eatre en possession du t\u00e9l\u00e9phone de la cible (ce qui n&rsquo;est pas \u00e9vident) pour confirmer la connexion \u00e0 la boite mail.<\/p>\n<p> <a class=\"more-link\" href=\"https:\/\/reseaudesecurite.com\/fr\/produit\/hacker-mail\/\">Lire la suite<\/a><\/p>","protected":false},"featured_media":29,"comment_status":"open","ping_status":"closed","template":"","meta":{"_joinchat":[]},"product_brand":[],"product_cat":[16],"product_tag":[61,60,63,57,56,62,55,64,58,59],"class_list":{"0":"post-28","1":"product","2":"type-product","3":"status-publish","4":"has-post-thumbnail","6":"product_cat-nos-services","7":"product_tag-email-de-hackers","8":"product_tag-email-hacker","9":"product_tag-hack-boite-mail","10":"product_tag-hacker-adresse-mail","11":"product_tag-hacker-boite-mail","12":"product_tag-hacker-email","13":"product_tag-hacker-mail","14":"product_tag-hacker-un-email","15":"product_tag-hacker-une-adresse-mail","16":"product_tag-mail-hack","18":"first","19":"instock","20":"taxable","21":"shipping-taxable","22":"product-type-simple"},"yoast_head":"<!-- This site is optimized with the Yoast SEO Premium plugin v27.4 (Yoast SEO v27.5) - https:\/\/yoast.com\/product\/yoast-seo-premium-wordpress\/ -->\n<title>hacker mail, hacker boite mail, hacker adresse mail, mail hack<\/title>\n<meta name=\"description\" content=\"hacker mail, hacker boite mail, hacker adresse mail, hacker une adresse mail, mail hack, email hacker, email de hackers, hacker email\" \/>\n<meta name=\"robots\" content=\"index, follow, max-snippet:-1, max-image-preview:large, max-video-preview:-1\" \/>\n<link rel=\"canonical\" href=\"https:\/\/reseaudesecurite.com\/fr\/produit\/hacker-mail\/\" \/>\n<meta property=\"og:locale\" content=\"fr_FR\" \/>\n<meta property=\"og:type\" content=\"article\" \/>\n<meta property=\"og:title\" content=\"hacker mail\" \/>\n<meta property=\"og:description\" content=\"hacker mail, hacker boite mail, hacker adresse mail, hacker une adresse mail, mail hack, email hacker, email de hackers, hacker email\" \/>\n<meta property=\"og:url\" content=\"https:\/\/reseaudesecurite.com\/fr\/produit\/hacker-mail\/\" \/>\n<meta property=\"og:site_name\" content=\"R\u00e9seau de S\u00e9curit\u00e9\" \/>\n<meta property=\"article:modified_time\" content=\"2026-05-08T11:00:40+00:00\" \/>\n<meta property=\"og:image\" content=\"https:\/\/reseaudesecurite.com\/wp-content\/uploads\/2019\/08\/Pirater-une-Boite-Email.png\" \/>\n\t<meta property=\"og:image:width\" content=\"467\" \/>\n\t<meta property=\"og:image:height\" content=\"392\" \/>\n\t<meta property=\"og:image:type\" content=\"image\/png\" \/>\n<meta name=\"twitter:card\" content=\"summary_large_image\" \/>\n<meta name=\"twitter:label1\" content=\"Prix\" \/>\n\t<meta name=\"twitter:data1\" content=\"\" \/>\n\t<meta name=\"twitter:label2\" content=\"Disponibilit\u00e9\" \/>\n\t<meta name=\"twitter:data2\" content=\"En stock\" \/>\n<script type=\"application\/ld+json\" class=\"yoast-schema-graph\">{\"@context\":\"https:\\\/\\\/schema.org\",\"@graph\":[{\"@type\":\"WebPage\",\"@id\":\"https:\\\/\\\/reseaudesecurite.com\\\/produit\\\/hacker-mail\\\/\",\"url\":\"https:\\\/\\\/reseaudesecurite.com\\\/produit\\\/hacker-mail\\\/\",\"name\":\"hacker mail, hacker boite mail, hacker adresse mail, mail hack\",\"isPartOf\":{\"@id\":\"https:\\\/\\\/reseaudesecurite.com\\\/#website\"},\"primaryImageOfPage\":{\"@id\":\"https:\\\/\\\/reseaudesecurite.com\\\/produit\\\/hacker-mail\\\/#primaryimage\"},\"image\":{\"@id\":\"https:\\\/\\\/reseaudesecurite.com\\\/produit\\\/hacker-mail\\\/#primaryimage\"},\"thumbnailUrl\":\"https:\\\/\\\/reseaudesecurite.com\\\/wp-content\\\/uploads\\\/2019\\\/08\\\/Pirater-une-Boite-Email.png\",\"datePublished\":\"2019-08-22T17:31:32+00:00\",\"dateModified\":\"2026-05-08T11:00:40+00:00\",\"description\":\"hacker mail, hacker boite mail, hacker adresse mail, hacker une adresse mail, mail hack, email hacker, email de hackers, hacker email\",\"breadcrumb\":{\"@id\":\"https:\\\/\\\/reseaudesecurite.com\\\/produit\\\/hacker-mail\\\/#breadcrumb\"},\"inLanguage\":\"fr-FR\",\"potentialAction\":[{\"@type\":\"ReadAction\",\"target\":[\"https:\\\/\\\/reseaudesecurite.com\\\/produit\\\/hacker-mail\\\/\"]}]},{\"@type\":\"ImageObject\",\"inLanguage\":\"fr-FR\",\"@id\":\"https:\\\/\\\/reseaudesecurite.com\\\/produit\\\/hacker-mail\\\/#primaryimage\",\"url\":\"https:\\\/\\\/reseaudesecurite.com\\\/wp-content\\\/uploads\\\/2019\\\/08\\\/Pirater-une-Boite-Email.png\",\"contentUrl\":\"https:\\\/\\\/reseaudesecurite.com\\\/wp-content\\\/uploads\\\/2019\\\/08\\\/Pirater-une-Boite-Email.png\",\"width\":467,\"height\":392,\"caption\":\"hacker mail\"},{\"@type\":\"BreadcrumbList\",\"@id\":\"https:\\\/\\\/reseaudesecurite.com\\\/produit\\\/hacker-mail\\\/#breadcrumb\",\"itemListElement\":[{\"@type\":\"ListItem\",\"position\":1,\"name\":\"Boutique\",\"item\":\"https:\\\/\\\/reseaudesecurite.com\\\/boutique\\\/\"},{\"@type\":\"ListItem\",\"position\":2,\"name\":\"hacker mail\"}]},{\"@type\":\"WebSite\",\"@id\":\"https:\\\/\\\/reseaudesecurite.com\\\/#website\",\"url\":\"https:\\\/\\\/reseaudesecurite.com\\\/\",\"name\":\"R\u00e9seau de S\u00e9curit\u00e9\",\"description\":\"engage un hacker professionel\",\"publisher\":{\"@id\":\"https:\\\/\\\/reseaudesecurite.com\\\/#organization\"},\"potentialAction\":[{\"@type\":\"SearchAction\",\"target\":{\"@type\":\"EntryPoint\",\"urlTemplate\":\"https:\\\/\\\/reseaudesecurite.com\\\/?s={search_term_string}\"},\"query-input\":{\"@type\":\"PropertyValueSpecification\",\"valueRequired\":true,\"valueName\":\"search_term_string\"}}],\"inLanguage\":\"fr-FR\"},{\"@type\":[\"Organization\",\"Place\",\"Corporation\"],\"@id\":\"https:\\\/\\\/reseaudesecurite.com\\\/#organization\",\"name\":\"R\u00e9seau de S\u00e9curit\u00e9\",\"url\":\"https:\\\/\\\/reseaudesecurite.com\\\/\",\"logo\":{\"@id\":\"https:\\\/\\\/reseaudesecurite.com\\\/produit\\\/hacker-mail\\\/#local-main-organization-logo\"},\"image\":{\"@id\":\"https:\\\/\\\/reseaudesecurite.com\\\/produit\\\/hacker-mail\\\/#local-main-organization-logo\"},\"legalName\":\"R\u00e9seau de S\u00e9curit\u00e9\",\"address\":{\"@id\":\"https:\\\/\\\/reseaudesecurite.com\\\/produit\\\/hacker-mail\\\/#local-main-place-address\"},\"telephone\":[],\"contactPoint\":{\"@type\":\"ContactPoint\",\"email\":\"info@reseaudesecurite.com\"},\"openingHoursSpecification\":{\"@type\":\"OpeningHoursSpecification\",\"dayOfWeek\":[\"Monday\",\"Tuesday\",\"Wednesday\",\"Thursday\",\"Friday\",\"Saturday\",\"Sunday\"],\"opens\":\"00:00\",\"closes\":\"23:59\"},\"email\":\"info@reseaudesecurite.com\"},{\"@type\":\"PostalAddress\",\"@id\":\"https:\\\/\\\/reseaudesecurite.com\\\/produit\\\/hacker-mail\\\/#local-main-place-address\",\"streetAddress\":\"2 BIS AVENUE DURANTE\",\"addressLocality\":\"NICE\",\"postalCode\":\"6000\",\"addressRegion\":\"ALPES MARITIMES\",\"addressCountry\":\"FR\"},{\"@type\":\"ImageObject\",\"inLanguage\":\"fr-FR\",\"@id\":\"https:\\\/\\\/reseaudesecurite.com\\\/produit\\\/hacker-mail\\\/#local-main-organization-logo\",\"url\":\"https:\\\/\\\/reseaudesecurite.com\\\/wp-content\\\/uploads\\\/2019\\\/08\\\/cropped-engage-hacker.jpg\",\"contentUrl\":\"https:\\\/\\\/reseaudesecurite.com\\\/wp-content\\\/uploads\\\/2019\\\/08\\\/cropped-engage-hacker.jpg\",\"width\":86,\"height\":92,\"caption\":\"R\u00e9seau de S\u00e9curit\u00e9\"}]}<\/script>\n<meta property=\"product:price:currency\" content=\"EUR\" \/>\n<meta property=\"og:availability\" content=\"instock\" \/>\n<meta property=\"product:availability\" content=\"instock\" \/>\n<meta property=\"product:condition\" content=\"new\" \/>\n<meta name=\"geo.placename\" content=\"NICE\" \/>\n<meta name=\"geo.region\" content=\"France\" \/>\n<!-- \/ Yoast SEO Premium plugin. -->","yoast_head_json":{"title":"hacker mail, hacker boite mail, hacker adresse mail, mail hack","description":"hacker mail, hacker boite mail, hacker adresse mail, hacker une adresse mail, mail hack, email hacker, email de hackers, hacker email","robots":{"index":"index","follow":"follow","max-snippet":"max-snippet:-1","max-image-preview":"max-image-preview:large","max-video-preview":"max-video-preview:-1"},"canonical":"https:\/\/reseaudesecurite.com\/fr\/produit\/hacker-mail\/","og_locale":"fr_FR","og_type":"article","og_title":"hacker mail","og_description":"hacker mail, hacker boite mail, hacker adresse mail, hacker une adresse mail, mail hack, email hacker, email de hackers, hacker email","og_url":"https:\/\/reseaudesecurite.com\/fr\/produit\/hacker-mail\/","og_site_name":"R\u00e9seau de S\u00e9curit\u00e9","article_modified_time":"2026-05-08T11:00:40+00:00","og_image":[{"width":467,"height":392,"url":"https:\/\/reseaudesecurite.com\/wp-content\/uploads\/2019\/08\/Pirater-une-Boite-Email.png","type":"image\/png"}],"twitter_card":"summary_large_image","twitter_misc":{"Prix":"","Disponibilit\u00e9":"En stock"},"schema":{"@context":"https:\/\/schema.org","@graph":[{"@type":"WebPage","@id":"https:\/\/reseaudesecurite.com\/produit\/hacker-mail\/","url":"https:\/\/reseaudesecurite.com\/produit\/hacker-mail\/","name":"hacker mail, hacker boite mail, hacker adresse mail, mail hack","isPartOf":{"@id":"https:\/\/reseaudesecurite.com\/#website"},"primaryImageOfPage":{"@id":"https:\/\/reseaudesecurite.com\/produit\/hacker-mail\/#primaryimage"},"image":{"@id":"https:\/\/reseaudesecurite.com\/produit\/hacker-mail\/#primaryimage"},"thumbnailUrl":"https:\/\/reseaudesecurite.com\/wp-content\/uploads\/2019\/08\/Pirater-une-Boite-Email.png","datePublished":"2019-08-22T17:31:32+00:00","dateModified":"2026-05-08T11:00:40+00:00","description":"hacker mail, hacker boite mail, hacker adresse mail, hacker une adresse mail, mail hack, email hacker, email de hackers, hacker email","breadcrumb":{"@id":"https:\/\/reseaudesecurite.com\/produit\/hacker-mail\/#breadcrumb"},"inLanguage":"fr-FR","potentialAction":[{"@type":"ReadAction","target":["https:\/\/reseaudesecurite.com\/produit\/hacker-mail\/"]}]},{"@type":"ImageObject","inLanguage":"fr-FR","@id":"https:\/\/reseaudesecurite.com\/produit\/hacker-mail\/#primaryimage","url":"https:\/\/reseaudesecurite.com\/wp-content\/uploads\/2019\/08\/Pirater-une-Boite-Email.png","contentUrl":"https:\/\/reseaudesecurite.com\/wp-content\/uploads\/2019\/08\/Pirater-une-Boite-Email.png","width":467,"height":392,"caption":"hacker mail"},{"@type":"BreadcrumbList","@id":"https:\/\/reseaudesecurite.com\/produit\/hacker-mail\/#breadcrumb","itemListElement":[{"@type":"ListItem","position":1,"name":"Boutique","item":"https:\/\/reseaudesecurite.com\/boutique\/"},{"@type":"ListItem","position":2,"name":"hacker mail"}]},{"@type":"WebSite","@id":"https:\/\/reseaudesecurite.com\/#website","url":"https:\/\/reseaudesecurite.com\/","name":"R\u00e9seau de S\u00e9curit\u00e9","description":"engage un hacker professionel","publisher":{"@id":"https:\/\/reseaudesecurite.com\/#organization"},"potentialAction":[{"@type":"SearchAction","target":{"@type":"EntryPoint","urlTemplate":"https:\/\/reseaudesecurite.com\/?s={search_term_string}"},"query-input":{"@type":"PropertyValueSpecification","valueRequired":true,"valueName":"search_term_string"}}],"inLanguage":"fr-FR"},{"@type":["Organization","Place","Corporation"],"@id":"https:\/\/reseaudesecurite.com\/#organization","name":"R\u00e9seau de S\u00e9curit\u00e9","url":"https:\/\/reseaudesecurite.com\/","logo":{"@id":"https:\/\/reseaudesecurite.com\/produit\/hacker-mail\/#local-main-organization-logo"},"image":{"@id":"https:\/\/reseaudesecurite.com\/produit\/hacker-mail\/#local-main-organization-logo"},"legalName":"R\u00e9seau de S\u00e9curit\u00e9","address":{"@id":"https:\/\/reseaudesecurite.com\/produit\/hacker-mail\/#local-main-place-address"},"telephone":[],"contactPoint":{"@type":"ContactPoint","email":"info@reseaudesecurite.com"},"openingHoursSpecification":{"@type":"OpeningHoursSpecification","dayOfWeek":["Monday","Tuesday","Wednesday","Thursday","Friday","Saturday","Sunday"],"opens":"00:00","closes":"23:59"},"email":"info@reseaudesecurite.com"},{"@type":"PostalAddress","@id":"https:\/\/reseaudesecurite.com\/produit\/hacker-mail\/#local-main-place-address","streetAddress":"2 BIS AVENUE DURANTE","addressLocality":"NICE","postalCode":"6000","addressRegion":"ALPES MARITIMES","addressCountry":"FR"},{"@type":"ImageObject","inLanguage":"fr-FR","@id":"https:\/\/reseaudesecurite.com\/produit\/hacker-mail\/#local-main-organization-logo","url":"https:\/\/reseaudesecurite.com\/wp-content\/uploads\/2019\/08\/cropped-engage-hacker.jpg","contentUrl":"https:\/\/reseaudesecurite.com\/wp-content\/uploads\/2019\/08\/cropped-engage-hacker.jpg","width":86,"height":92,"caption":"R\u00e9seau de S\u00e9curit\u00e9"}]},"product_price_currency":"EUR","og_availability":"instock","product_availability":"instock","product_condition":"new","geo.placename":"NICE","geo.region":"France"},"_links":{"self":[{"href":"https:\/\/reseaudesecurite.com\/fr\/wp-json\/wp\/v2\/product\/28","targetHints":{"allow":["GET"]}}],"collection":[{"href":"https:\/\/reseaudesecurite.com\/fr\/wp-json\/wp\/v2\/product"}],"about":[{"href":"https:\/\/reseaudesecurite.com\/fr\/wp-json\/wp\/v2\/types\/product"}],"replies":[{"embeddable":true,"href":"https:\/\/reseaudesecurite.com\/fr\/wp-json\/wp\/v2\/comments?post=28"}],"wp:featuredmedia":[{"embeddable":true,"href":"https:\/\/reseaudesecurite.com\/fr\/wp-json\/wp\/v2\/media\/29"}],"wp:attachment":[{"href":"https:\/\/reseaudesecurite.com\/fr\/wp-json\/wp\/v2\/media?parent=28"}],"wp:term":[{"taxonomy":"product_brand","embeddable":true,"href":"https:\/\/reseaudesecurite.com\/fr\/wp-json\/wp\/v2\/product_brand?post=28"},{"taxonomy":"product_cat","embeddable":true,"href":"https:\/\/reseaudesecurite.com\/fr\/wp-json\/wp\/v2\/product_cat?post=28"},{"taxonomy":"product_tag","embeddable":true,"href":"https:\/\/reseaudesecurite.com\/fr\/wp-json\/wp\/v2\/product_tag?post=28"}],"curies":[{"name":"wp","href":"https:\/\/api.w.org\/{rel}","templated":true}]}}