{"id":15,"date":"2019-08-22T16:16:19","date_gmt":"2019-08-22T16:16:19","guid":{"rendered":"https:\/\/reseaudesecurite.com\/?page_id=15"},"modified":"2025-11-22T14:05:22","modified_gmt":"2025-11-22T14:05:22","slug":"faq","status":"publish","type":"page","link":"https:\/\/reseaudesecurite.com\/fr_fr\/faq\/","title":{"rendered":"FAQ"},"content":{"rendered":"<div class=\"wpb-content-wrapper\"><div class=\"vc_row wpb_row vc_row-fluid\"><div class=\"wpb_column vc_column_container vc_col-sm-12\"><div class=\"vc_column-inner\"><div class=\"wpb_wrapper\"><div  class=\"vc_do_toggle vc_toggle vc_toggle_default vc_toggle_color_default  vc_toggle_size_md\"><div class=\"vc_toggle_title\"><h4>Qu\u2019est-ce qu\u2019un hacker \u00e9thique<\/h4><i class=\"vc_toggle_icon\"><\/i><\/div><div class=\"vc_toggle_content\"><p>Un professionnel qui teste l\u00e9galement la s\u00e9curit\u00e9 des syst\u00e8mes pour r\u00e9v\u00e9ler et corriger des vuln\u00e9rabilit\u00e9s.<\/p>\n<\/div><\/div><div  class=\"vc_do_toggle vc_toggle vc_toggle_default vc_toggle_color_default  vc_toggle_size_md\"><div class=\"vc_toggle_title\"><h4>Quels r\u00e9sultats attendre apr\u00e8s un pentest<\/h4><i class=\"vc_toggle_icon\"><\/i><\/div><div class=\"vc_toggle_content\"><p>Rapport technique, r\u00e9sum\u00e9 ex\u00e9cutif, PoC et plan de rem\u00e9diation prioris\u00e9.<\/p>\n<\/div><\/div><div  class=\"vc_do_toggle vc_toggle vc_toggle_default vc_toggle_color_default  vc_toggle_size_md\"><div class=\"vc_toggle_title\"><h4>Combien co\u00fbte un audit de s\u00e9curit\u00e9<\/h4><i class=\"vc_toggle_icon\"><\/i><\/div><div class=\"vc_toggle_content\"><p>Le co\u00fbt d\u00e9pend du p\u00e9rim\u00e8tre; nous fournissons un diagnostic gratuit et un devis sur mesure.<\/p>\n<\/div><\/div><div  class=\"vc_do_toggle vc_toggle vc_toggle_default vc_toggle_color_default  vc_toggle_size_md\"><div class=\"vc_toggle_title\"><h4>Nos garanties l\u00e9gales<\/h4><i class=\"vc_toggle_icon\"><\/i><\/div><div class=\"vc_toggle_content\"><p>Interventions r\u00e9alis\u00e9es uniquement avec autorisations \u00e9crites et clauses de confidentialit\u00e9 <!--EndFragment --><\/p>\n<\/div><\/div><div  class=\"vc_do_toggle vc_toggle vc_toggle_default vc_toggle_color_default  vc_toggle_size_md\"><div class=\"vc_toggle_title\"><h4>COMMENT PROCEDER POUR BENEFICER DE VOTRE SERVICE?<\/h4><i class=\"vc_toggle_icon\"><\/i><\/div><div class=\"vc_toggle_content\"><p>Il suffit de nous contacter soit \u00e0 travers le formulaire ou alors directement \u00e0 l&rsquo;adresse EMAIL. Bien vouloir nous pr\u00e9ciser l&rsquo;objet de votre demande et le type de compte que vous souhaitez faire hacker.<\/p>\n<\/div><\/div><div  class=\"vc_do_toggle vc_toggle vc_toggle_default vc_toggle_color_default  vc_toggle_size_md\"><div class=\"vc_toggle_title\"><h4>Y&#039;A-T-IL UN DANGER EN COURRU PAR LES CLIENTS QUI VOUS CONTACTENT?<\/h4><i class=\"vc_toggle_icon\"><\/i><\/div><div class=\"vc_toggle_content\"><p>Chers clients, vous ne courrez absolument aucun risque car le service que nous fournissons est parfaitement anonyme et aussi, nous effectuons directement les op\u00e9rations de hacking, de cette fa\u00e7on, personne ne peut remonter jusqu&rsquo;\u00e0 vous car m\u00eame nous n&rsquo;avons aucune id\u00e9e de votre identit\u00e9. Soyez confiant et contacter nous pour tous les services de hacking que vous d\u00e9sirez quel que soit le lieu de r\u00e9sidence.<\/p>\n<\/div><\/div><div  class=\"vc_do_toggle vc_toggle vc_toggle_default vc_toggle_color_default  vc_toggle_size_md\"><div class=\"vc_toggle_title\"><h4>QUELS TYPES DE COMPTES POUVEZ-VOUS HACKER?<\/h4><i class=\"vc_toggle_icon\"><\/i><\/div><div class=\"vc_toggle_content\"><p>Nous piratons absolument tous les types de comptes allant des r\u00e9seaux sociaux (WhatsApp, Facebook, Messenger, twitter, Instagram, snapchat&#8230;), aux comptes professionnels fournis par les entreprises (dans le cas o\u00f9 vous souhaiterez espionner un coll\u00e8gue et\/ou amant par exemple). Rien ne nous \u00e9chappe et notre service est 100% fiable.<\/p>\n<\/div><\/div><div  class=\"vc_do_toggle vc_toggle vc_toggle_default vc_toggle_color_default  vc_toggle_size_md\"><div class=\"vc_toggle_title\"><h4>CONCERNANT LE PIRATAGE DE BOITE MAIL, QUE FAIRE SI JE NE PEUX PAS ETRE EN POSSESSION DU TELEPHONE DU PROPRITAIRE DE LA BOITE?<\/h4><i class=\"vc_toggle_icon\"><\/i><\/div><div class=\"vc_toggle_content\"><p>Rien de plus simple! Une fois que nous avons r\u00e9cup\u00e9r\u00e9 le mot de passe, nous ajoutons votre num\u00e9ro comme associ\u00e9 au compte; vous recevrez d\u00e9sormais un message directement sur votre portable pour confirmer chacune de vos connexions.<\/p>\n<\/div><\/div><div  class=\"vc_do_toggle vc_toggle vc_toggle_default vc_toggle_color_default  vc_toggle_size_md\"><div class=\"vc_toggle_title\"><h4>POURQUOI DEVRAI-JE VOUS FAIRE CONFIANCE?<\/h4><i class=\"vc_toggle_icon\"><\/i><\/div><div class=\"vc_toggle_content\"><p>Nous sommes une \u00e9quipe de professionnels tous certifi\u00e9s CEH, ce qui est un gage de comp\u00e9tence et de maitrise des techniques de hacking. De plus, votre satisfaction est notre seule pr\u00e9occupation, c&rsquo;est pourquoi nous vous garantissons un service efficace, rapide et fiable.<\/p>\n<\/div><\/div><div  class=\"vc_do_toggle vc_toggle vc_toggle_default vc_toggle_color_default  vc_toggle_size_md\"><div class=\"vc_toggle_title\"><h4>QUELS SONT LES DELAIS?<\/h4><i class=\"vc_toggle_icon\"><\/i><\/div><div class=\"vc_toggle_content\"><p>Suivant l&rsquo;objectif \u00e0 atteindre, vous aurez acc\u00e8s aux comptes souhait\u00e9s dans un d\u00e9lai allant de 24 \u00e0 48 heures au maximum et les acc\u00e8s pourront \u00eatre renouvel\u00e9s dans les m\u00eames d\u00e9lais en cas de modification des identifiants de connexion aux comptes.<\/p>\n<\/div><\/div><div  class=\"vc_do_toggle vc_toggle vc_toggle_default vc_toggle_color_default  vc_toggle_size_md\"><div class=\"vc_toggle_title\"><h4>COMBIEN COUTENT VOS SERVICES?<\/h4><i class=\"vc_toggle_icon\"><\/i><\/div><div class=\"vc_toggle_content\"><p>Les prix vous seront communiqu\u00e9s en priv\u00e9 et selon les services que vous d\u00e9sirez<\/p>\n<\/div><\/div><\/div><\/div><\/div><\/div>\n<\/div>","protected":false},"excerpt":{"rendered":"Qu\u2019est-ce qu\u2019un hacker \u00e9thiqueUn professionnel qui teste l\u00e9galement la s\u00e9curit\u00e9 des syst\u00e8mes pour r\u00e9v\u00e9ler et corriger des vuln\u00e9rabilit\u00e9s. Quels r\u00e9sultats attendre apr\u00e8s un pentestRapport technique, r\u00e9sum\u00e9 ex\u00e9cutif, PoC et plan de rem\u00e9diation prioris\u00e9. Combien co\u00fbte un audit de s\u00e9curit\u00e9Le co\u00fbt d\u00e9pend du p\u00e9rim\u00e8tre; nous fournissons un diagnostic gratuit et un devis sur mesure. Nos garanties l\u00e9galesInterventions r\u00e9alis\u00e9es uniquement avec autorisations \u00e9crites et clauses de confidentialit\u00e9 COMMENT PROCEDER POUR BENEFICER DE VOTRE SERVICE?Il suffit de nous contacter soit \u00e0 travers le formulaire ou alors directement \u00e0 l'adresse EMAIL. Bien vouloir nous pr\u00e9ciser l'objet de votre demande et le type de compte que vous souhaitez faire hacker. Y&#039;A-T-IL UN DANGER EN COURRU PAR LES CLIENTS QUI VOUS CONTACTENT?Chers clients, vous ne courrez absolument aucun risque car le service que nous fournissons est parfaitement anonyme et aussi, nous effectuons directement les op\u00e9rations de hacking, de cette fa\u00e7on, personne ne peut remonter jusqu'\u00e0 vous&hellip;\r\n <p> <a class=\"more-link\" href=\"https:\/\/reseaudesecurite.com\/fr_fr\/faq\/\">Lire la suite<\/a><\/p>","protected":false},"author":1,"featured_media":0,"parent":0,"menu_order":0,"comment_status":"closed","ping_status":"closed","template":"","meta":{"_joinchat":[],"footnotes":""},"class_list":["post-15","page","type-page","status-publish"],"yoast_head":"<!-- This site is optimized with the Yoast SEO plugin v27.2 - https:\/\/yoast.com\/product\/yoast-seo-wordpress\/ -->\n<title>FAQ - R\u00e9seau de S\u00e9curit\u00e9<\/title>\n<meta name=\"robots\" content=\"index, follow, max-snippet:-1, max-image-preview:large, max-video-preview:-1\" \/>\n<link rel=\"canonical\" href=\"https:\/\/reseaudesecurite.com\/fr_fr\/faq\/\" \/>\n<meta property=\"og:locale\" content=\"fr_FR\" \/>\n<meta property=\"og:type\" content=\"article\" \/>\n<meta property=\"og:title\" content=\"FAQ - R\u00e9seau de S\u00e9curit\u00e9\" \/>\n<meta property=\"og:url\" content=\"https:\/\/reseaudesecurite.com\/fr_fr\/faq\/\" \/>\n<meta property=\"og:site_name\" content=\"R\u00e9seau de S\u00e9curit\u00e9\" \/>\n<meta property=\"article:modified_time\" content=\"2025-11-22T14:05:22+00:00\" \/>\n<meta name=\"twitter:card\" content=\"summary_large_image\" \/>\n<meta name=\"twitter:label1\" content=\"Dur\u00e9e de lecture estim\u00e9e\" \/>\n\t<meta name=\"twitter:data1\" content=\"3 minutes\" \/>\n<script type=\"application\/ld+json\" class=\"yoast-schema-graph\">{\"@context\":\"https:\/\/schema.org\",\"@graph\":[{\"@type\":\"WebPage\",\"@id\":\"https:\/\/reseaudesecurite.com\/faq\/\",\"url\":\"https:\/\/reseaudesecurite.com\/faq\/\",\"name\":\"FAQ - R\u00e9seau de S\u00e9curit\u00e9\",\"isPartOf\":{\"@id\":\"https:\/\/reseaudesecurite.com\/#website\"},\"datePublished\":\"2019-08-22T16:16:19+00:00\",\"dateModified\":\"2025-11-22T14:05:22+00:00\",\"inLanguage\":\"fr-FR\",\"potentialAction\":[{\"@type\":\"ReadAction\",\"target\":[\"https:\/\/reseaudesecurite.com\/faq\/\"]}]},{\"@type\":\"WebSite\",\"@id\":\"https:\/\/reseaudesecurite.com\/#website\",\"url\":\"https:\/\/reseaudesecurite.com\/\",\"name\":\"R\u00e9seau de S\u00e9curit\u00e9\",\"description\":\"engage un hacker professionel\",\"publisher\":{\"@id\":\"https:\/\/reseaudesecurite.com\/#organization\"},\"potentialAction\":[{\"@type\":\"SearchAction\",\"target\":{\"@type\":\"EntryPoint\",\"urlTemplate\":\"https:\/\/reseaudesecurite.com\/?s={search_term_string}\"},\"query-input\":{\"@type\":\"PropertyValueSpecification\",\"valueRequired\":true,\"valueName\":\"search_term_string\"}}],\"inLanguage\":\"fr-FR\"},{\"@type\":\"Organization\",\"@id\":\"https:\/\/reseaudesecurite.com\/#organization\",\"name\":\"R\u00e9seau de S\u00e9curit\u00e9\",\"url\":\"https:\/\/reseaudesecurite.com\/\",\"logo\":{\"@type\":\"ImageObject\",\"inLanguage\":\"fr-FR\",\"@id\":\"https:\/\/reseaudesecurite.com\/#\/schema\/logo\/image\/\",\"url\":\"https:\/\/reseaudesecurite.com\/wp-content\/uploads\/2019\/08\/cropped-engage-hacker.jpg\",\"contentUrl\":\"https:\/\/reseaudesecurite.com\/wp-content\/uploads\/2019\/08\/cropped-engage-hacker.jpg\",\"width\":86,\"height\":92,\"caption\":\"R\u00e9seau de S\u00e9curit\u00e9\"},\"image\":{\"@id\":\"https:\/\/reseaudesecurite.com\/#\/schema\/logo\/image\/\"}}]}<\/script>\n<!-- \/ Yoast SEO plugin. -->","yoast_head_json":{"title":"FAQ - R\u00e9seau de S\u00e9curit\u00e9","robots":{"index":"index","follow":"follow","max-snippet":"max-snippet:-1","max-image-preview":"max-image-preview:large","max-video-preview":"max-video-preview:-1"},"canonical":"https:\/\/reseaudesecurite.com\/fr_fr\/faq\/","og_locale":"fr_FR","og_type":"article","og_title":"FAQ - R\u00e9seau de S\u00e9curit\u00e9","og_url":"https:\/\/reseaudesecurite.com\/fr_fr\/faq\/","og_site_name":"R\u00e9seau de S\u00e9curit\u00e9","article_modified_time":"2025-11-22T14:05:22+00:00","twitter_card":"summary_large_image","twitter_misc":{"Dur\u00e9e de lecture estim\u00e9e":"3 minutes"},"schema":{"@context":"https:\/\/schema.org","@graph":[{"@type":"WebPage","@id":"https:\/\/reseaudesecurite.com\/faq\/","url":"https:\/\/reseaudesecurite.com\/faq\/","name":"FAQ - R\u00e9seau de S\u00e9curit\u00e9","isPartOf":{"@id":"https:\/\/reseaudesecurite.com\/#website"},"datePublished":"2019-08-22T16:16:19+00:00","dateModified":"2025-11-22T14:05:22+00:00","inLanguage":"fr-FR","potentialAction":[{"@type":"ReadAction","target":["https:\/\/reseaudesecurite.com\/faq\/"]}]},{"@type":"WebSite","@id":"https:\/\/reseaudesecurite.com\/#website","url":"https:\/\/reseaudesecurite.com\/","name":"R\u00e9seau de S\u00e9curit\u00e9","description":"engage un hacker professionel","publisher":{"@id":"https:\/\/reseaudesecurite.com\/#organization"},"potentialAction":[{"@type":"SearchAction","target":{"@type":"EntryPoint","urlTemplate":"https:\/\/reseaudesecurite.com\/?s={search_term_string}"},"query-input":{"@type":"PropertyValueSpecification","valueRequired":true,"valueName":"search_term_string"}}],"inLanguage":"fr-FR"},{"@type":"Organization","@id":"https:\/\/reseaudesecurite.com\/#organization","name":"R\u00e9seau de S\u00e9curit\u00e9","url":"https:\/\/reseaudesecurite.com\/","logo":{"@type":"ImageObject","inLanguage":"fr-FR","@id":"https:\/\/reseaudesecurite.com\/#\/schema\/logo\/image\/","url":"https:\/\/reseaudesecurite.com\/wp-content\/uploads\/2019\/08\/cropped-engage-hacker.jpg","contentUrl":"https:\/\/reseaudesecurite.com\/wp-content\/uploads\/2019\/08\/cropped-engage-hacker.jpg","width":86,"height":92,"caption":"R\u00e9seau de S\u00e9curit\u00e9"},"image":{"@id":"https:\/\/reseaudesecurite.com\/#\/schema\/logo\/image\/"}}]}},"_links":{"self":[{"href":"https:\/\/reseaudesecurite.com\/fr_fr\/wp-json\/wp\/v2\/pages\/15","targetHints":{"allow":["GET"]}}],"collection":[{"href":"https:\/\/reseaudesecurite.com\/fr_fr\/wp-json\/wp\/v2\/pages"}],"about":[{"href":"https:\/\/reseaudesecurite.com\/fr_fr\/wp-json\/wp\/v2\/types\/page"}],"author":[{"embeddable":true,"href":"https:\/\/reseaudesecurite.com\/fr_fr\/wp-json\/wp\/v2\/users\/1"}],"replies":[{"embeddable":true,"href":"https:\/\/reseaudesecurite.com\/fr_fr\/wp-json\/wp\/v2\/comments?post=15"}],"version-history":[{"count":3,"href":"https:\/\/reseaudesecurite.com\/fr_fr\/wp-json\/wp\/v2\/pages\/15\/revisions"}],"predecessor-version":[{"id":10224,"href":"https:\/\/reseaudesecurite.com\/fr_fr\/wp-json\/wp\/v2\/pages\/15\/revisions\/10224"}],"wp:attachment":[{"href":"https:\/\/reseaudesecurite.com\/fr_fr\/wp-json\/wp\/v2\/media?parent=15"}],"curies":[{"name":"wp","href":"https:\/\/api.w.org\/{rel}","templated":true}]}}