{"id":22,"date":"2019-08-22T16:41:55","date_gmt":"2019-08-22T16:41:55","guid":{"rendered":"https:\/\/reseaudesecurite.com\/?post_type=product&#038;p=22"},"modified":"2025-04-29T23:24:16","modified_gmt":"2025-04-29T23:24:16","slug":"hacker-compte-whatsapp","status":"publish","type":"product","link":"https:\/\/reseaudesecurite.com\/fr_fr\/produit\/hacker-compte-whatsapp\/","title":{"rendered":"Hacker compte whatsapp"},"content":{"rendered":"<p>hacker compte whatsapp, pirater whatsapp forum, pirater le compte whatsapp de quelqu un, comment hacker un compte whatsapp, compte whatsapp pirater, pirater un compte whatsapp, <a href=\"https:\/\/recruter-un-hacker.com\/product\/espionner-le-compte-whatsapp-de-votre-conjointe\/\" target=\"_blank\" rel=\"noopener noreferrer\">comment pirater un compte whatsapp<\/a><\/p>\n<p>Il existe plusieurs m\u00e9thodes pour pirater un compte WhatsApp selon les objectifs \u00e0 atteindre notamment en utilisant des logiciels de tiers (Myspy, Sniffer), en usurpant l&rsquo;adresse MAC, en piratant les conversations WhatsApp par e-mail pour ne citer que celles-ci. Cependant, nous ne pouvons vous sp\u00e9cifier d&rsquo;avance la m\u00e9thode qui sera utilis\u00e9e pour attaquer le num\u00e9ro WhatsApp de la victime car plusieurs param\u00e8tres entrent en jeu (iOS, marque du t\u00e9l\u00e9phone, mises \u00e0 jour des correctifs de s\u00e9curit\u00e9, utilisation ou non d&rsquo;un VPN..).<\/p>\n<p>Toujours est-il que le travail sera r\u00e9alis\u00e9 dans les d\u00e9lais les plus courts. Principalement, il s&rsquo;agira dans un premier temps de pratiquer une technique de hacking appel\u00e9e spoofing afin d&rsquo;usurper l&rsquo;adresse\u00a0 MAC du t\u00e9l\u00e9phone de la personne que vous souhaitez espionner, ensuite, nous recr\u00e9erons un nouveau \u00ab compte \u00bb WhatsApp en tout point identique \u00e0 l&rsquo;original, ainsi, vous recevrez en temps r\u00e9el tous les messages et m\u00e9dias de la personne \u00e0 espionner. Tout ceci sans que cette derni\u00e8re ne s&rsquo;en rende compte car elle continue \u00e9galement de recevoir ses messages en temps r\u00e9el. Il serait bien que vous ne r\u00e9pondiez pas aux messages re\u00e7us par la victime. hacker compte whatsapp<\/p>\n<p><a href=\"https:\/\/reseaudesecurite.com\/contactez-nous\/\">Contactez Nous<\/a><\/p>\n","protected":false},"excerpt":{"rendered":"<p>Il existe plusieurs m\u00e9thodes pour pirater un compte WhatsApp selon les objectifs \u00e0 atteindre notamment en utilisant des logiciels de tiers (Myspy, Sniffer), en usurpant l&rsquo;adresse MAC, en piratant les conversations WhatsApp par e-mail pour ne citer que celles-ci. Cependant, nous ne pouvons vous sp\u00e9cifier d&rsquo;avance la m\u00e9thode qui sera utilis\u00e9e pour attaquer le num\u00e9ro WhatsApp de la victime car plusieurs param\u00e8tres entrent en jeu (iOS, marque du t\u00e9l\u00e9phone, mises \u00e0 jour des correctifs de s\u00e9curit\u00e9, utilisation ou non d&rsquo;un VPN..).<\/p>\n<p> <a class=\"more-link\" href=\"https:\/\/reseaudesecurite.com\/fr_fr\/produit\/hacker-compte-whatsapp\/\">Lire la suite<\/a><\/p>","protected":false},"featured_media":23,"comment_status":"open","ping_status":"closed","template":"","meta":{"_joinchat":[]},"product_brand":[],"product_cat":[16],"product_tag":[38,41,39,35,37,40,36],"class_list":{"0":"post-22","1":"product","2":"type-product","3":"status-publish","4":"has-post-thumbnail","6":"product_cat-nos-services","7":"product_tag-comment-hacker-un-compte-whatsapp","8":"product_tag-comment-pirater-un-compte-whatsapp","9":"product_tag-compte-whatsapp-pirater","10":"product_tag-hacker-compte-whatsapp","11":"product_tag-pirater-le-compte-whatsapp-de-quelqu-un","12":"product_tag-pirater-un-compte-whatsapp","13":"product_tag-pirater-whatsapp-forum","15":"first","16":"instock","17":"taxable","18":"shipping-taxable","19":"product-type-simple"},"yoast_head":"<!-- This site is optimized with the Yoast SEO plugin v27.2 - https:\/\/yoast.com\/product\/yoast-seo-wordpress\/ -->\n<title>hacker compte whatsapp, pirater whatsapp forum|compte whatsapp pirater<\/title>\n<meta name=\"description\" content=\"hacker compte whatsapp, pirater whatsapp forum, pirater le compte whatsapp de quelqu un, comment hacker un compte whatsapp, compte whatsapp pirater\" \/>\n<meta name=\"robots\" content=\"index, follow, max-snippet:-1, max-image-preview:large, max-video-preview:-1\" \/>\n<link rel=\"canonical\" href=\"https:\/\/reseaudesecurite.com\/fr_fr\/produit\/hacker-compte-whatsapp\/\" \/>\n<meta property=\"og:locale\" content=\"fr_FR\" \/>\n<meta property=\"og:type\" content=\"article\" \/>\n<meta property=\"og:title\" content=\"hacker compte whatsapp, pirater whatsapp forum|compte whatsapp pirater\" \/>\n<meta property=\"og:description\" content=\"hacker compte whatsapp, pirater whatsapp forum, pirater le compte whatsapp de quelqu un, comment hacker un compte whatsapp, compte whatsapp pirater\" \/>\n<meta property=\"og:url\" content=\"https:\/\/reseaudesecurite.com\/fr_fr\/produit\/hacker-compte-whatsapp\/\" \/>\n<meta property=\"og:site_name\" content=\"R\u00e9seau de S\u00e9curit\u00e9\" \/>\n<meta property=\"article:modified_time\" content=\"2025-04-29T23:24:16+00:00\" \/>\n<meta property=\"og:image\" content=\"https:\/\/reseaudesecurite.com\/wp-content\/uploads\/2019\/08\/Pirate-Whatsapp.png\" \/>\n\t<meta property=\"og:image:width\" content=\"650\" \/>\n\t<meta property=\"og:image:height\" content=\"450\" \/>\n\t<meta property=\"og:image:type\" content=\"image\/png\" \/>\n<meta name=\"twitter:card\" content=\"summary_large_image\" \/>\n<meta name=\"twitter:label1\" content=\"Dur\u00e9e de lecture estim\u00e9e\" \/>\n\t<meta name=\"twitter:data1\" content=\"1 minute\" \/>\n<script type=\"application\/ld+json\" class=\"yoast-schema-graph\">{\"@context\":\"https:\/\/schema.org\",\"@graph\":[{\"@type\":\"WebPage\",\"@id\":\"https:\/\/reseaudesecurite.com\/produit\/hacker-compte-whatsapp\/\",\"url\":\"https:\/\/reseaudesecurite.com\/produit\/hacker-compte-whatsapp\/\",\"name\":\"hacker compte whatsapp, pirater whatsapp forum|compte whatsapp pirater\",\"isPartOf\":{\"@id\":\"https:\/\/reseaudesecurite.com\/#website\"},\"primaryImageOfPage\":{\"@id\":\"https:\/\/reseaudesecurite.com\/produit\/hacker-compte-whatsapp\/#primaryimage\"},\"image\":{\"@id\":\"https:\/\/reseaudesecurite.com\/produit\/hacker-compte-whatsapp\/#primaryimage\"},\"thumbnailUrl\":\"https:\/\/reseaudesecurite.com\/wp-content\/uploads\/2019\/08\/Pirate-Whatsapp.png\",\"datePublished\":\"2019-08-22T16:41:55+00:00\",\"dateModified\":\"2025-04-29T23:24:16+00:00\",\"description\":\"hacker compte whatsapp, pirater whatsapp forum, pirater le compte whatsapp de quelqu un, comment hacker un compte whatsapp, compte whatsapp pirater\",\"breadcrumb\":{\"@id\":\"https:\/\/reseaudesecurite.com\/produit\/hacker-compte-whatsapp\/#breadcrumb\"},\"inLanguage\":\"fr-FR\",\"potentialAction\":[{\"@type\":\"ReadAction\",\"target\":[\"https:\/\/reseaudesecurite.com\/produit\/hacker-compte-whatsapp\/\"]}]},{\"@type\":\"ImageObject\",\"inLanguage\":\"fr-FR\",\"@id\":\"https:\/\/reseaudesecurite.com\/produit\/hacker-compte-whatsapp\/#primaryimage\",\"url\":\"https:\/\/reseaudesecurite.com\/wp-content\/uploads\/2019\/08\/Pirate-Whatsapp.png\",\"contentUrl\":\"https:\/\/reseaudesecurite.com\/wp-content\/uploads\/2019\/08\/Pirate-Whatsapp.png\",\"width\":650,\"height\":450,\"caption\":\"hacker compte whatsapp\"},{\"@type\":\"BreadcrumbList\",\"@id\":\"https:\/\/reseaudesecurite.com\/produit\/hacker-compte-whatsapp\/#breadcrumb\",\"itemListElement\":[{\"@type\":\"ListItem\",\"position\":1,\"name\":\"Boutique\",\"item\":\"https:\/\/reseaudesecurite.com\/boutique\/\"},{\"@type\":\"ListItem\",\"position\":2,\"name\":\"Hacker compte whatsapp\"}]},{\"@type\":\"WebSite\",\"@id\":\"https:\/\/reseaudesecurite.com\/#website\",\"url\":\"https:\/\/reseaudesecurite.com\/\",\"name\":\"R\u00e9seau de S\u00e9curit\u00e9\",\"description\":\"engage un hacker professionel\",\"publisher\":{\"@id\":\"https:\/\/reseaudesecurite.com\/#organization\"},\"potentialAction\":[{\"@type\":\"SearchAction\",\"target\":{\"@type\":\"EntryPoint\",\"urlTemplate\":\"https:\/\/reseaudesecurite.com\/?s={search_term_string}\"},\"query-input\":{\"@type\":\"PropertyValueSpecification\",\"valueRequired\":true,\"valueName\":\"search_term_string\"}}],\"inLanguage\":\"fr-FR\"},{\"@type\":\"Organization\",\"@id\":\"https:\/\/reseaudesecurite.com\/#organization\",\"name\":\"R\u00e9seau de S\u00e9curit\u00e9\",\"url\":\"https:\/\/reseaudesecurite.com\/\",\"logo\":{\"@type\":\"ImageObject\",\"inLanguage\":\"fr-FR\",\"@id\":\"https:\/\/reseaudesecurite.com\/#\/schema\/logo\/image\/\",\"url\":\"https:\/\/reseaudesecurite.com\/wp-content\/uploads\/2019\/08\/cropped-engage-hacker.jpg\",\"contentUrl\":\"https:\/\/reseaudesecurite.com\/wp-content\/uploads\/2019\/08\/cropped-engage-hacker.jpg\",\"width\":86,\"height\":92,\"caption\":\"R\u00e9seau de S\u00e9curit\u00e9\"},\"image\":{\"@id\":\"https:\/\/reseaudesecurite.com\/#\/schema\/logo\/image\/\"}}]}<\/script>\n<!-- \/ Yoast SEO plugin. -->","yoast_head_json":{"title":"hacker compte whatsapp, pirater whatsapp forum|compte whatsapp pirater","description":"hacker compte whatsapp, pirater whatsapp forum, pirater le compte whatsapp de quelqu un, comment hacker un compte whatsapp, compte whatsapp pirater","robots":{"index":"index","follow":"follow","max-snippet":"max-snippet:-1","max-image-preview":"max-image-preview:large","max-video-preview":"max-video-preview:-1"},"canonical":"https:\/\/reseaudesecurite.com\/fr_fr\/produit\/hacker-compte-whatsapp\/","og_locale":"fr_FR","og_type":"article","og_title":"hacker compte whatsapp, pirater whatsapp forum|compte whatsapp pirater","og_description":"hacker compte whatsapp, pirater whatsapp forum, pirater le compte whatsapp de quelqu un, comment hacker un compte whatsapp, compte whatsapp pirater","og_url":"https:\/\/reseaudesecurite.com\/fr_fr\/produit\/hacker-compte-whatsapp\/","og_site_name":"R\u00e9seau de S\u00e9curit\u00e9","article_modified_time":"2025-04-29T23:24:16+00:00","og_image":[{"width":650,"height":450,"url":"https:\/\/reseaudesecurite.com\/wp-content\/uploads\/2019\/08\/Pirate-Whatsapp.png","type":"image\/png"}],"twitter_card":"summary_large_image","twitter_misc":{"Dur\u00e9e de lecture estim\u00e9e":"1 minute"},"schema":{"@context":"https:\/\/schema.org","@graph":[{"@type":"WebPage","@id":"https:\/\/reseaudesecurite.com\/produit\/hacker-compte-whatsapp\/","url":"https:\/\/reseaudesecurite.com\/produit\/hacker-compte-whatsapp\/","name":"hacker compte whatsapp, pirater whatsapp forum|compte whatsapp pirater","isPartOf":{"@id":"https:\/\/reseaudesecurite.com\/#website"},"primaryImageOfPage":{"@id":"https:\/\/reseaudesecurite.com\/produit\/hacker-compte-whatsapp\/#primaryimage"},"image":{"@id":"https:\/\/reseaudesecurite.com\/produit\/hacker-compte-whatsapp\/#primaryimage"},"thumbnailUrl":"https:\/\/reseaudesecurite.com\/wp-content\/uploads\/2019\/08\/Pirate-Whatsapp.png","datePublished":"2019-08-22T16:41:55+00:00","dateModified":"2025-04-29T23:24:16+00:00","description":"hacker compte whatsapp, pirater whatsapp forum, pirater le compte whatsapp de quelqu un, comment hacker un compte whatsapp, compte whatsapp pirater","breadcrumb":{"@id":"https:\/\/reseaudesecurite.com\/produit\/hacker-compte-whatsapp\/#breadcrumb"},"inLanguage":"fr-FR","potentialAction":[{"@type":"ReadAction","target":["https:\/\/reseaudesecurite.com\/produit\/hacker-compte-whatsapp\/"]}]},{"@type":"ImageObject","inLanguage":"fr-FR","@id":"https:\/\/reseaudesecurite.com\/produit\/hacker-compte-whatsapp\/#primaryimage","url":"https:\/\/reseaudesecurite.com\/wp-content\/uploads\/2019\/08\/Pirate-Whatsapp.png","contentUrl":"https:\/\/reseaudesecurite.com\/wp-content\/uploads\/2019\/08\/Pirate-Whatsapp.png","width":650,"height":450,"caption":"hacker compte whatsapp"},{"@type":"BreadcrumbList","@id":"https:\/\/reseaudesecurite.com\/produit\/hacker-compte-whatsapp\/#breadcrumb","itemListElement":[{"@type":"ListItem","position":1,"name":"Boutique","item":"https:\/\/reseaudesecurite.com\/boutique\/"},{"@type":"ListItem","position":2,"name":"Hacker compte whatsapp"}]},{"@type":"WebSite","@id":"https:\/\/reseaudesecurite.com\/#website","url":"https:\/\/reseaudesecurite.com\/","name":"R\u00e9seau de S\u00e9curit\u00e9","description":"engage un hacker professionel","publisher":{"@id":"https:\/\/reseaudesecurite.com\/#organization"},"potentialAction":[{"@type":"SearchAction","target":{"@type":"EntryPoint","urlTemplate":"https:\/\/reseaudesecurite.com\/?s={search_term_string}"},"query-input":{"@type":"PropertyValueSpecification","valueRequired":true,"valueName":"search_term_string"}}],"inLanguage":"fr-FR"},{"@type":"Organization","@id":"https:\/\/reseaudesecurite.com\/#organization","name":"R\u00e9seau de S\u00e9curit\u00e9","url":"https:\/\/reseaudesecurite.com\/","logo":{"@type":"ImageObject","inLanguage":"fr-FR","@id":"https:\/\/reseaudesecurite.com\/#\/schema\/logo\/image\/","url":"https:\/\/reseaudesecurite.com\/wp-content\/uploads\/2019\/08\/cropped-engage-hacker.jpg","contentUrl":"https:\/\/reseaudesecurite.com\/wp-content\/uploads\/2019\/08\/cropped-engage-hacker.jpg","width":86,"height":92,"caption":"R\u00e9seau de S\u00e9curit\u00e9"},"image":{"@id":"https:\/\/reseaudesecurite.com\/#\/schema\/logo\/image\/"}}]}},"_links":{"self":[{"href":"https:\/\/reseaudesecurite.com\/fr_fr\/wp-json\/wp\/v2\/product\/22","targetHints":{"allow":["GET"]}}],"collection":[{"href":"https:\/\/reseaudesecurite.com\/fr_fr\/wp-json\/wp\/v2\/product"}],"about":[{"href":"https:\/\/reseaudesecurite.com\/fr_fr\/wp-json\/wp\/v2\/types\/product"}],"replies":[{"embeddable":true,"href":"https:\/\/reseaudesecurite.com\/fr_fr\/wp-json\/wp\/v2\/comments?post=22"}],"wp:featuredmedia":[{"embeddable":true,"href":"https:\/\/reseaudesecurite.com\/fr_fr\/wp-json\/wp\/v2\/media\/23"}],"wp:attachment":[{"href":"https:\/\/reseaudesecurite.com\/fr_fr\/wp-json\/wp\/v2\/media?parent=22"}],"wp:term":[{"taxonomy":"product_brand","embeddable":true,"href":"https:\/\/reseaudesecurite.com\/fr_fr\/wp-json\/wp\/v2\/product_brand?post=22"},{"taxonomy":"product_cat","embeddable":true,"href":"https:\/\/reseaudesecurite.com\/fr_fr\/wp-json\/wp\/v2\/product_cat?post=22"},{"taxonomy":"product_tag","embeddable":true,"href":"https:\/\/reseaudesecurite.com\/fr_fr\/wp-json\/wp\/v2\/product_tag?post=22"}],"curies":[{"name":"wp","href":"https:\/\/api.w.org\/{rel}","templated":true}]}}