{"id":26,"date":"2019-08-22T17:10:30","date_gmt":"2019-08-22T17:10:30","guid":{"rendered":"https:\/\/reseaudesecurite.com\/?post_type=product&#038;p=26"},"modified":"2026-04-23T21:40:02","modified_gmt":"2026-04-23T21:40:02","slug":"comment-pirater-un-snap","status":"publish","type":"product","link":"https:\/\/reseaudesecurite.com\/fr_fr\/produit\/comment-pirater-un-snap\/","title":{"rendered":"comment pirater un snap"},"content":{"rendered":"<p>comment pirater un snap,\u00a0 comment pirater un compte snapchat,\u00a0 pirater snapchat, <a href=\"https:\/\/recruter-un-hacker.com\/product\/piratage-snapchat\/\" target=\"_blank\" rel=\"noopener noreferrer\">pirater un snapchat<\/a>, pirater un snap<\/p>\n<p>En plus des m\u00e9thodes utilis\u00e9es pour les r\u00e9seaux sociaux pr\u00e9c\u00e9dents, une nouvelle technique que nous utilisons pour snapchat est celle des enqu\u00eates \u00e0 travers une application instantan\u00e9e que nous avons d\u00e9velopp\u00e9e. Vous aurez \u00e9galement les acc\u00e8s aux comptes que vous souhaitez piratez de mani\u00e8re rapide, anonyme et fiable sans que la victime se doute de quoi que ce soit.<\/p>\n<p><a href=\"https:\/\/reseaudesecurite.com\/contactez-nous\/\">Contactez Nous<\/a><\/p>\n","protected":false},"excerpt":{"rendered":"<p>En plus des m\u00e9thodes utilis\u00e9es pour les r\u00e9seaux sociaux pr\u00e9c\u00e9dents, une nouvelle technique que nous utilisons pour snapchat est celle des enqu\u00eates \u00e0 travers une application instantan\u00e9e que nous avons d\u00e9velopp\u00e9e.<\/p>\n<p> <a class=\"more-link\" href=\"https:\/\/reseaudesecurite.com\/fr_fr\/produit\/comment-pirater-un-snap\/\">Lire la suite<\/a><\/p>","protected":false},"featured_media":27,"comment_status":"open","ping_status":"closed","template":"","meta":{"_joinchat":[]},"product_brand":[],"product_cat":[16],"product_tag":[49,50,52,51,54,53],"class_list":{"0":"post-26","1":"product","2":"type-product","3":"status-publish","4":"has-post-thumbnail","6":"product_cat-nos-services","7":"product_tag-comment-pirater-un-compte-snapchat","8":"product_tag-comment-pirater-un-snap","9":"product_tag-pirater-snap","10":"product_tag-pirater-snapchat","11":"product_tag-pirater-un-snap","12":"product_tag-pirater-un-snapchat","14":"first","15":"instock","16":"taxable","17":"shipping-taxable","18":"product-type-simple"},"yoast_head":"<!-- This site is optimized with the Yoast SEO plugin v27.2 - https:\/\/yoast.com\/product\/yoast-seo-wordpress\/ -->\n<title>comment pirater un snap,\u00a0 comment pirater un compte snapchat<\/title>\n<meta name=\"description\" content=\"comment pirater un snap,\u00a0 comment pirater un compte snapchat,\u00a0 pirater snapchat, pirater un snapchat, pirater un snap, hacker un compte snapchat\" \/>\n<meta name=\"robots\" content=\"index, follow, max-snippet:-1, max-image-preview:large, max-video-preview:-1\" \/>\n<link rel=\"canonical\" href=\"https:\/\/reseaudesecurite.com\/fr_fr\/produit\/comment-pirater-un-snap\/\" \/>\n<meta property=\"og:locale\" content=\"fr_FR\" \/>\n<meta property=\"og:type\" content=\"article\" \/>\n<meta property=\"og:title\" content=\"comment pirater un snap,\u00a0 comment pirater un compte snapchat\" \/>\n<meta property=\"og:description\" content=\"comment pirater un snap,\u00a0 comment pirater un compte snapchat,\u00a0 pirater snapchat, pirater un snapchat, pirater un snap, hacker un compte snapchat\" \/>\n<meta property=\"og:url\" content=\"https:\/\/reseaudesecurite.com\/fr_fr\/produit\/comment-pirater-un-snap\/\" \/>\n<meta property=\"og:site_name\" content=\"R\u00e9seau de S\u00e9curit\u00e9\" \/>\n<meta property=\"article:modified_time\" content=\"2026-04-23T21:40:02+00:00\" \/>\n<meta property=\"og:image\" content=\"https:\/\/reseaudesecurite.com\/wp-content\/uploads\/2019\/08\/Pirater-sur-Snapchat.png\" \/>\n\t<meta property=\"og:image:width\" content=\"660\" \/>\n\t<meta property=\"og:image:height\" content=\"396\" \/>\n\t<meta property=\"og:image:type\" content=\"image\/png\" \/>\n<meta name=\"twitter:card\" content=\"summary_large_image\" \/>\n<script type=\"application\/ld+json\" class=\"yoast-schema-graph\">{\"@context\":\"https:\/\/schema.org\",\"@graph\":[{\"@type\":\"WebPage\",\"@id\":\"https:\/\/reseaudesecurite.com\/produit\/comment-pirater-un-snap\/\",\"url\":\"https:\/\/reseaudesecurite.com\/produit\/comment-pirater-un-snap\/\",\"name\":\"comment pirater un snap,\u00a0 comment pirater un compte snapchat\",\"isPartOf\":{\"@id\":\"https:\/\/reseaudesecurite.com\/#website\"},\"primaryImageOfPage\":{\"@id\":\"https:\/\/reseaudesecurite.com\/produit\/comment-pirater-un-snap\/#primaryimage\"},\"image\":{\"@id\":\"https:\/\/reseaudesecurite.com\/produit\/comment-pirater-un-snap\/#primaryimage\"},\"thumbnailUrl\":\"https:\/\/reseaudesecurite.com\/wp-content\/uploads\/2019\/08\/Pirater-sur-Snapchat.png\",\"datePublished\":\"2019-08-22T17:10:30+00:00\",\"dateModified\":\"2026-04-23T21:40:02+00:00\",\"description\":\"comment pirater un snap,\u00a0 comment pirater un compte snapchat,\u00a0 pirater snapchat, pirater un snapchat, pirater un snap, hacker un compte snapchat\",\"breadcrumb\":{\"@id\":\"https:\/\/reseaudesecurite.com\/produit\/comment-pirater-un-snap\/#breadcrumb\"},\"inLanguage\":\"fr-FR\",\"potentialAction\":[{\"@type\":\"ReadAction\",\"target\":[\"https:\/\/reseaudesecurite.com\/produit\/comment-pirater-un-snap\/\"]}]},{\"@type\":\"ImageObject\",\"inLanguage\":\"fr-FR\",\"@id\":\"https:\/\/reseaudesecurite.com\/produit\/comment-pirater-un-snap\/#primaryimage\",\"url\":\"https:\/\/reseaudesecurite.com\/wp-content\/uploads\/2019\/08\/Pirater-sur-Snapchat.png\",\"contentUrl\":\"https:\/\/reseaudesecurite.com\/wp-content\/uploads\/2019\/08\/Pirater-sur-Snapchat.png\",\"width\":660,\"height\":396,\"caption\":\"comment pirater un snap\"},{\"@type\":\"BreadcrumbList\",\"@id\":\"https:\/\/reseaudesecurite.com\/produit\/comment-pirater-un-snap\/#breadcrumb\",\"itemListElement\":[{\"@type\":\"ListItem\",\"position\":1,\"name\":\"Boutique\",\"item\":\"https:\/\/reseaudesecurite.com\/boutique\/\"},{\"@type\":\"ListItem\",\"position\":2,\"name\":\"comment pirater un snap\"}]},{\"@type\":\"WebSite\",\"@id\":\"https:\/\/reseaudesecurite.com\/#website\",\"url\":\"https:\/\/reseaudesecurite.com\/\",\"name\":\"R\u00e9seau de S\u00e9curit\u00e9\",\"description\":\"engage un hacker professionel\",\"publisher\":{\"@id\":\"https:\/\/reseaudesecurite.com\/#organization\"},\"potentialAction\":[{\"@type\":\"SearchAction\",\"target\":{\"@type\":\"EntryPoint\",\"urlTemplate\":\"https:\/\/reseaudesecurite.com\/?s={search_term_string}\"},\"query-input\":{\"@type\":\"PropertyValueSpecification\",\"valueRequired\":true,\"valueName\":\"search_term_string\"}}],\"inLanguage\":\"fr-FR\"},{\"@type\":\"Organization\",\"@id\":\"https:\/\/reseaudesecurite.com\/#organization\",\"name\":\"R\u00e9seau de S\u00e9curit\u00e9\",\"url\":\"https:\/\/reseaudesecurite.com\/\",\"logo\":{\"@type\":\"ImageObject\",\"inLanguage\":\"fr-FR\",\"@id\":\"https:\/\/reseaudesecurite.com\/#\/schema\/logo\/image\/\",\"url\":\"https:\/\/reseaudesecurite.com\/wp-content\/uploads\/2019\/08\/cropped-engage-hacker.jpg\",\"contentUrl\":\"https:\/\/reseaudesecurite.com\/wp-content\/uploads\/2019\/08\/cropped-engage-hacker.jpg\",\"width\":86,\"height\":92,\"caption\":\"R\u00e9seau de S\u00e9curit\u00e9\"},\"image\":{\"@id\":\"https:\/\/reseaudesecurite.com\/#\/schema\/logo\/image\/\"}}]}<\/script>\n<!-- \/ Yoast SEO plugin. -->","yoast_head_json":{"title":"comment pirater un snap,\u00a0 comment pirater un compte snapchat","description":"comment pirater un snap,\u00a0 comment pirater un compte snapchat,\u00a0 pirater snapchat, pirater un snapchat, pirater un snap, hacker un compte snapchat","robots":{"index":"index","follow":"follow","max-snippet":"max-snippet:-1","max-image-preview":"max-image-preview:large","max-video-preview":"max-video-preview:-1"},"canonical":"https:\/\/reseaudesecurite.com\/fr_fr\/produit\/comment-pirater-un-snap\/","og_locale":"fr_FR","og_type":"article","og_title":"comment pirater un snap,\u00a0 comment pirater un compte snapchat","og_description":"comment pirater un snap,\u00a0 comment pirater un compte snapchat,\u00a0 pirater snapchat, pirater un snapchat, pirater un snap, hacker un compte snapchat","og_url":"https:\/\/reseaudesecurite.com\/fr_fr\/produit\/comment-pirater-un-snap\/","og_site_name":"R\u00e9seau de S\u00e9curit\u00e9","article_modified_time":"2026-04-23T21:40:02+00:00","og_image":[{"width":660,"height":396,"url":"https:\/\/reseaudesecurite.com\/wp-content\/uploads\/2019\/08\/Pirater-sur-Snapchat.png","type":"image\/png"}],"twitter_card":"summary_large_image","schema":{"@context":"https:\/\/schema.org","@graph":[{"@type":"WebPage","@id":"https:\/\/reseaudesecurite.com\/produit\/comment-pirater-un-snap\/","url":"https:\/\/reseaudesecurite.com\/produit\/comment-pirater-un-snap\/","name":"comment pirater un snap,\u00a0 comment pirater un compte snapchat","isPartOf":{"@id":"https:\/\/reseaudesecurite.com\/#website"},"primaryImageOfPage":{"@id":"https:\/\/reseaudesecurite.com\/produit\/comment-pirater-un-snap\/#primaryimage"},"image":{"@id":"https:\/\/reseaudesecurite.com\/produit\/comment-pirater-un-snap\/#primaryimage"},"thumbnailUrl":"https:\/\/reseaudesecurite.com\/wp-content\/uploads\/2019\/08\/Pirater-sur-Snapchat.png","datePublished":"2019-08-22T17:10:30+00:00","dateModified":"2026-04-23T21:40:02+00:00","description":"comment pirater un snap,\u00a0 comment pirater un compte snapchat,\u00a0 pirater snapchat, pirater un snapchat, pirater un snap, hacker un compte snapchat","breadcrumb":{"@id":"https:\/\/reseaudesecurite.com\/produit\/comment-pirater-un-snap\/#breadcrumb"},"inLanguage":"fr-FR","potentialAction":[{"@type":"ReadAction","target":["https:\/\/reseaudesecurite.com\/produit\/comment-pirater-un-snap\/"]}]},{"@type":"ImageObject","inLanguage":"fr-FR","@id":"https:\/\/reseaudesecurite.com\/produit\/comment-pirater-un-snap\/#primaryimage","url":"https:\/\/reseaudesecurite.com\/wp-content\/uploads\/2019\/08\/Pirater-sur-Snapchat.png","contentUrl":"https:\/\/reseaudesecurite.com\/wp-content\/uploads\/2019\/08\/Pirater-sur-Snapchat.png","width":660,"height":396,"caption":"comment pirater un snap"},{"@type":"BreadcrumbList","@id":"https:\/\/reseaudesecurite.com\/produit\/comment-pirater-un-snap\/#breadcrumb","itemListElement":[{"@type":"ListItem","position":1,"name":"Boutique","item":"https:\/\/reseaudesecurite.com\/boutique\/"},{"@type":"ListItem","position":2,"name":"comment pirater un snap"}]},{"@type":"WebSite","@id":"https:\/\/reseaudesecurite.com\/#website","url":"https:\/\/reseaudesecurite.com\/","name":"R\u00e9seau de S\u00e9curit\u00e9","description":"engage un hacker professionel","publisher":{"@id":"https:\/\/reseaudesecurite.com\/#organization"},"potentialAction":[{"@type":"SearchAction","target":{"@type":"EntryPoint","urlTemplate":"https:\/\/reseaudesecurite.com\/?s={search_term_string}"},"query-input":{"@type":"PropertyValueSpecification","valueRequired":true,"valueName":"search_term_string"}}],"inLanguage":"fr-FR"},{"@type":"Organization","@id":"https:\/\/reseaudesecurite.com\/#organization","name":"R\u00e9seau de S\u00e9curit\u00e9","url":"https:\/\/reseaudesecurite.com\/","logo":{"@type":"ImageObject","inLanguage":"fr-FR","@id":"https:\/\/reseaudesecurite.com\/#\/schema\/logo\/image\/","url":"https:\/\/reseaudesecurite.com\/wp-content\/uploads\/2019\/08\/cropped-engage-hacker.jpg","contentUrl":"https:\/\/reseaudesecurite.com\/wp-content\/uploads\/2019\/08\/cropped-engage-hacker.jpg","width":86,"height":92,"caption":"R\u00e9seau de S\u00e9curit\u00e9"},"image":{"@id":"https:\/\/reseaudesecurite.com\/#\/schema\/logo\/image\/"}}]}},"_links":{"self":[{"href":"https:\/\/reseaudesecurite.com\/fr_fr\/wp-json\/wp\/v2\/product\/26","targetHints":{"allow":["GET"]}}],"collection":[{"href":"https:\/\/reseaudesecurite.com\/fr_fr\/wp-json\/wp\/v2\/product"}],"about":[{"href":"https:\/\/reseaudesecurite.com\/fr_fr\/wp-json\/wp\/v2\/types\/product"}],"replies":[{"embeddable":true,"href":"https:\/\/reseaudesecurite.com\/fr_fr\/wp-json\/wp\/v2\/comments?post=26"}],"wp:featuredmedia":[{"embeddable":true,"href":"https:\/\/reseaudesecurite.com\/fr_fr\/wp-json\/wp\/v2\/media\/27"}],"wp:attachment":[{"href":"https:\/\/reseaudesecurite.com\/fr_fr\/wp-json\/wp\/v2\/media?parent=26"}],"wp:term":[{"taxonomy":"product_brand","embeddable":true,"href":"https:\/\/reseaudesecurite.com\/fr_fr\/wp-json\/wp\/v2\/product_brand?post=26"},{"taxonomy":"product_cat","embeddable":true,"href":"https:\/\/reseaudesecurite.com\/fr_fr\/wp-json\/wp\/v2\/product_cat?post=26"},{"taxonomy":"product_tag","embeddable":true,"href":"https:\/\/reseaudesecurite.com\/fr_fr\/wp-json\/wp\/v2\/product_tag?post=26"}],"curies":[{"name":"wp","href":"https:\/\/api.w.org\/{rel}","templated":true}]}}